{"id":1322,"date":"2025-01-22T15:59:25","date_gmt":"2025-01-22T15:59:25","guid":{"rendered":"http:\/\/eurovat.info\/obdelava-osebnih-podatkov-in-nacela-varstva\/"},"modified":"2025-02-13T12:38:17","modified_gmt":"2025-02-13T12:38:17","slug":"obdelava-osebnih-podatkov-in-nacela-varstva","status":"publish","type":"page","link":"https:\/\/eurovat.info\/sl\/obdelava-osebnih-podatkov-in-nacela-varstva\/","title":{"rendered":"Obdelava osebnih podatkov in na\u010dela varstva"},"content":{"rendered":"\t\t<div data-elementor-type=\"wp-page\" data-elementor-id=\"1322\" class=\"elementor elementor-1322 elementor-3\" data-elementor-post-type=\"page\">\n\t\t\t\t<div class=\"elementor-element elementor-element-3e8582ec e-flex e-con-boxed e-con e-parent\" data-id=\"3e8582ec\" data-element_type=\"container\">\n\t\t\t\t\t<div class=\"e-con-inner\">\n\t\t\t\t<div class=\"elementor-element elementor-element-a65fb08 elementor-widget elementor-widget-spacer\" data-id=\"a65fb08\" data-element_type=\"widget\" data-widget_type=\"spacer.default\">\n\t\t\t\t<div class=\"elementor-widget-container\">\n\t\t\t\t\t\t\t<div class=\"elementor-spacer\">\n\t\t\t<div class=\"elementor-spacer-inner\"><\/div>\n\t\t<\/div>\n\t\t\t\t\t\t<\/div>\n\t\t\t\t<\/div>\n\t\t\t\t<div class=\"elementor-element elementor-element-942ff1f elementor-widget elementor-widget-heading\" data-id=\"942ff1f\" data-element_type=\"widget\" data-widget_type=\"heading.default\">\n\t\t\t\t<div class=\"elementor-widget-container\">\n\t\t\t\t\t<h2 class=\"elementor-heading-title elementor-size-default\">Obdelava osebnih podatkov in na\u010dela varstva<\/h2>\t\t\t\t<\/div>\n\t\t\t\t<\/div>\n\t\t\t\t<div class=\"elementor-element elementor-element-752e135f elementor-widget elementor-widget-text-editor\" data-id=\"752e135f\" data-element_type=\"widget\" data-widget_type=\"text-editor.default\">\n\t\t\t\t<div class=\"elementor-widget-container\">\n\t\t\t\t\t\t\t\t\t<ol>\n\t<li>\n<h4><strong>Pravni okvir za obdelavo<\/strong><\/h4>\nOsebni podatki strank in drugih oseb (v nadaljevanju tudi &#8220;posamezniki, na katere se nana\u0161ajo osebni podatki&#8221;), katerih osebne podatke obdeluje dru\u017eba EUROVAT-ASISTANCE, spol. s r.o., se obdelujejo v skladu z veljavnimi zakonskimi predpisi. Zlasti Uredbe (EU) 2016\/679 Evropskega parlamenta in Sveta o varstvu posameznikov pri obdelavi osebnih podatkov in o prostem pretoku takih podatkov ter o razveljavitvi Direktive 95\/46\/ES (Splo\u0161na uredba o varstvu podatkov).   <\/li>\n\t<li>\n<h4><strong>Upravljavec osebnih podatkov<\/strong><\/h4>\nUpravljavec zbranih osebnih podatkov je dru\u017eba EUROVAT-ASISTANCE, spol s .r.o., ID \u0161t. 27784517, s sede\u017eem v Vsetinu, Na Hr\u00e1zi 1452, po\u0161tna \u0161tevilka 75501, (v nadaljevanju tudi &#8220;upravljavec&#8221;).<\/li>\n\t<li>\n<h4><strong>Natan\u010dnost osebnih podatkov<\/strong><\/h4>\nPosameznik, na katerega se nana\u0161ajo osebni podatki, mora svoje osebne podatke (npr. ob sklenitvi pogodbenega razmerja, izpolnitvi pooblastila) posredovati pravilno in resni\u010dno ter mora upravljavca brez nepotrebnega odla\u0161anja obvestiti o vsaki spremembi svojih osebnih podatkov.<\/li>\n\t<li>\n<h4><strong>Nameni obdelave in pravna podlaga za obdelavo osebnih podatkov<\/strong><\/h4>\n<ol>\n\t<li>Ime, priimek (vklju\u010dno z morebitnimi dodatki, ki dodatno ozna\u010dujejo osebo ali poslovno enoto fizi\u010dne osebe), naziv (\u010de ga navede stranka), naslov prebivali\u0161\u010da ali sede\u017ea, naslov za dostavo, dav\u010dna \u0161tevilka, \u0161tevilka DDV, elektronski naslov posameznika, na katerega se podatki nana\u0161ajo, in podatki o nakupu storitev se obdelujejo za namen izvajanja pogodbe (npr. identifikacija stranke, potrditev izpolnjevanja pogodbenih pogojev, informacije o stanju zahtevkov, dostava dokumentov in listin za obdelavo zahtevkov za vra\u010dilo DDV, dav\u010dnih obra\u010dunov, vra\u010dil tro\u0161arin, izdaja dav\u010dnih dokumentov); pravna podlaga za obdelavo teh podatkov za navedeni namen je njihova nujnost za izpolnitev pogodbe, katere stranka je posameznik, na katerega se nana\u0161ajo osebni podatki, ali za izvajanje ukrepov, sprejetih pred sklenitvijo pogodbe na zahtevo posameznika, na katerega se nana\u0161ajo osebni podatki.Zgoraj navedeni osebni podatki se nadalje obdelujejo po izpolnitvi pogodbe, \u010de je to potrebno za izpolnitev pravne obveznosti, ki velja za dru\u017ebo EUROVAT-ASISTANCE, spol. s r.o.<\/li>\n\t<li>Osebni podatki iz to\u010dk (a) in (b) ter podatki o zgodovini zahtevkov za povra\u010dilo, ki jih je vlo\u017eila stranka, se lahko obdelujejo za namene vzdr\u017eevanja spletnega uporabni\u0161kega ra\u010duna stranke; pravna podlaga za obdelavo teh podatkov v ta namen je privolitev stranke.  <\/li>\n\t<li>Osebni podatki strank iz to\u010dk a) in b) se lahko obdelujejo za namene neposrednega tr\u017eenja, tj. zlasti za po\u0161iljanje komercialnih sporo\u010dil o novih in obstoje\u010dih storitvah dru\u017ebe EUROVAT-ASISTANCE, spol. s r.o.; pravna podlaga za obdelavo teh podatkov je zakoniti interes dru\u017ebe EUROVAT-ASISTANCE, spol. s r.o. v tem primeru.     <\/li>\n\t<li>Kopijo osebne izkaznice ali potnega lista posameznika, na katerega se nana\u0161ajo osebni podatki, lahko dru\u017eba EUROVAT-ASISTANCE, spol. s r.o. zahteva in obdeluje za namene dav\u010dne registracije v razli\u010dnih dr\u017eavah EU, v nekaterih primerih tudi za uspe\u0161no obdelavo vra\u010dil DDV, kar se obi\u010dajno izvaja na podlagi izvajanja pogodbe in zahtev strank, zato bo v primeru potrebe po predlo\u017eitvi osebne izkaznice stranka vedno obve\u0161\u010dena. Pravna podlaga za obdelavo teh podatkov je v tem primeru zakoniti interes upravljavca in tudi stranke, saj brez dostave potrebnih dokumentov ni mogo\u010de opraviti nekaterih dejanj, povezanih z izpolnjevanjem vsebine pogodbenega razmerja.  <\/li>\n\t<li>Identifikacijske podatke posameznika, na katerega se nana\u0161ajo osebni podatki, v obliki posnetkov kamer, pridobljenih v bli\u017eini stavbe sede\u017ea dru\u017ebe EUROVAT-ASISTANCE, spol. s r.o., dru\u017eba EUROVAT-ASISTANCE, spol. s r.o., obdeluje zaradi varovanja svojega premo\u017eenja, \u017eivljenja in zdravja oseb. V upravi\u010denih primerih se lahko posredujejo organom pregona ali drugim zainteresiranim strankam za izpolnitev namena obdelave (npr. zavarovalnici). V tem primeru je pravna podlaga za obdelavo teh podatkov zakoniti interes dru\u017ebe EUROVAT-ASISTANCE, spol. s r.o.     <\/li>\n\t<li>Ko uporabljate na\u0161o spletno stran www.eurovat.info (&#8220;spletna stran&#8221;), dru\u017eba EUROVAT-ASISTANCE, spol. s r.o. iz va\u0161ega brskalnika prejme in zapi\u0161e informacije, ki lahko vklju\u010dujejo osebne podatke. Za zbiranje teh informacij uporabljamo razli\u010dne tehnike, kot so pi\u0161kotki; te informacije lahko vklju\u010dujejo va\u0161 naslov IP, edinstven identifikator, ki uporablja &#8220;pi\u0161kotke&#8221;, informacije o pi\u0161kotkih in informacije o tem, ali ima va\u0161a naprava programsko opremo, potrebno za dostop do dolo\u010denih funkcij, edinstven identifikator va\u0161e naprave in vrsto naprave, domeno, vrsto in jezik brskalnika, vrsto in nastavitve operacijskega sistema, dr\u017eavo in \u010dasovni pas, predhodno obiskane spletne strani, informacije o va\u0161ih dejanjih na na\u0161i spletni strani, kot so klikanje.   \nS pi\u0161kotki spremljamo, kako na\u0161e stranke uporabljajo spletno mesto, in razumemo njihove \u017eelje (na primer izbiro dr\u017eave in jezika). To nam omogo\u010da, da strankam zagotavljamo storitve in izbolj\u0161ujemo njihovo spletno izku\u0161njo. Pi\u0161kotke uporabljamo tudi za pridobivanje zbirnih podatkov o prometu na spletnem mestu in komunikacijah, za ugotavljanje trendov in za pridobivanje statisti\u010dnih podatkov, da bi \u0161e izbolj\u0161ali na\u0161e spletno mesto. Na na\u0161em spletnem mestu uporabljamo predvsem tri kategorije pi\u0161kotkov.   <\/li>\n<\/ol>\n<ol>\n<\/ol><ul>\n\t<li>Funkcionalni: Ti pi\u0161kotki so potrebni za osnovno delovanje spletnega mesta in so zato vedno omogo\u010deni; vklju\u010dujejo pi\u0161kotke, ki vam omogo\u010dajo stik s stranko prek spletnega klepeta ter pomagajo pri varnosti in izpolnjevanju zakonskih zahtev.<\/li>\n\t<li>Izbolj\u0161evalci delovanja (u\u010dinkovitosti): ti pi\u0161kotki nam omogo\u010dajo, da s spremljanjem uporabe izbolj\u0161amo delovanje na\u0161ega spletnega mesta. V nekaterih primerih ti pi\u0161kotki izbolj\u0161ajo hitrost odzivanja na va\u0161e zahteve in nam omogo\u010dajo, da si zapomnimo va\u0161e izbire za to spletno mesto. \u010ce te pi\u0161kotke zavrnete, se lahko zgodi, da priporo\u010dila ne bodo natan\u010dna, spletno mesto pa bo delovalo po\u010dasneje.  <\/li>\n<\/ul>\n<\/li><\/ol>\nDru\u017ebeni mediji in ogla\u0161evanje: Pi\u0161kotki dru\u017eabnih medijev ponujajo mo\u017enost, da se pove\u017eete z dru\u017eabnimi omre\u017eji in na njih delite vsebino z na\u0161ih spletnih strani. Zavrnitev teh pi\u0161kotkov lahko povzro\u010di, da se ne boste mogli u\u010dinkovito povezati s svojimi ra\u010duni na Facebooku, Instagramu ali drugih dru\u017eabnih omre\u017ejih in\/ali ne boste mogli deliti vsebine v dru\u017eabnih omre\u017ejih. \n\nPravna podlaga za obdelavo zgornjih podatkov za te namene je privolitev posameznika, na katerega se nana\u0161ajo osebni podatki, ali zakoniti interes upravljavca za namene osnovne analize prometa na spletnem mestu.Telefonska \u0161tevilka se lahko obdeluje za namene obve\u0161\u010danja o stanju zahtevka ali dopolnitve informacij in pridobitve dokumentov, potrebnih za obdelavo predmeta pogodbenega razmerja, ali obve\u0161\u010danja o \u010dasu zaklju\u010dka postopka vra\u010dila davka; pravna podlaga za obdelavo teh podatkov za ta namen je privolitev posameznika, na katerega se nana\u0161ajo osebni podatki.\n\t<li>\n<h4><strong>Zagotavljanje osebnih podatkov<\/strong><\/h4>\nPosredovanje osebnih podatkov iz \u010dlena V(a), (b) in (g) je pogodbena zahteva dru\u017ebe EUROVAT-ASISTANCE, spol. s r.o. Ime, priimek (vklju\u010dno z vsemi dodatki, ki dodatno ozna\u010dujejo osebo ali poslovno enoto fizi\u010dne osebe), naslov sede\u017ea, dav\u010dna \u0161tevilka, dav\u010dna \u0161tevilka (za zavezance za DDV) in elektronski naslov stranke, ki je fizi\u010dna oseba, so prav tako podatki, ki morajo biti vklju\u010deni v pogodbo; \u010de teh podatkov ne posredujete, pogodbe morda ne bo mogo\u010de skleniti.     <\/li>\n\t<li>\n<h4><strong>\u010cas shranjevanja<\/strong><\/h4>\nOsebni podatki bodo pri dru\u017ebi EUROVAT-ASISTANCE, spol. s r.o. shranjeni za obdobje, ki ga dolo\u010dajo veljavni pravni predpisi, \u010de tak\u0161no obdobje ni dolo\u010deno, pa za obdobje trajanja pravnega razloga za obdelavo ali za obdobje, potrebno za uveljavljanje ali obrambo pravnih zahtevkov. <\/li>\n\t<li>\n<h4><strong>Kategorije prejemnikov osebnih podatkov<\/strong><\/h4>\nDru\u017eba EUROVAT-ASISTANCE, spol. s r.o. lahko obdelavo osebnih podatkov prenese na tretjo osebo kot obdelovalca. \n<ul>\n\t<li>\nIzvajalci storitev dostave po po\u0161ti Upravitelj je upravi\u010den, da izvajalcu storitev dostave po po\u0161ti posreduje ime, priimek (po potrebi vklju\u010dno z dodatkom, ki dodatno opredeljuje osebo ali poslovno enoto fizi\u010dne osebe), naziv (\u010de ga je posredovala stranka), naslov za dostavo in telefonsko \u0161tevilko stranke za namen dostave potrebnih dokumentov za vra\u010dilo davka.<\/li>\n\t<li>\nPonudniki ra\u010dunovodskih, dav\u010dnih in pravnih storitev Upravljavec je upravi\u010den posredovati osebne podatke tudi osebam, ki mu zagotavljajo ra\u010dunovodske, dav\u010dne in pravne storitve, in sicer za namen izpolnjevanja svojih zakonskih obveznosti in v primerih, ko je to potrebno za uveljavljanje, izvajanje ali za\u0161\u010dito pravnih zahtevkov v sodnih, izvensodnih ali upravnih postopkih.<\/li>\n<\/ul>\n\nSubjekti, ki opravljajo storitve neposrednega tr\u017eenja Upravljavec je upravi\u010den, da subjektom, ki to dejavnost opravljajo za upravljavca kot obdelovalci, posreduje e-po\u0161tni naslov in telefonsko \u0161tevilko za namene po\u0161iljanja komercialnih sporo\u010dil.<\/li>\n\t<li>\n<h4><strong>Pravica do dostopa do osebnih podatkov<\/strong><\/h4>\nPosameznik, na katerega se nana\u0161ajo osebni podatki, ima pravico od upravljavca pridobiti potrditev, ali se osebni podatki v zvezi z njim obdelujejo, in \u010de se obdelujejo, pravico do dostopa do teh osebnih podatkov.<\/li>\n\t<li>\n<h4><strong>Pravica do popravka osebnih podatkov<\/strong><\/h4>\nPosameznik, na katerega se nana\u0161ajo osebni podatki, ima pravico, da upravljavec brez nepotrebnega odla\u0161anja popravi neto\u010dne osebne podatke v zvezi z njim. Ob upo\u0161tevanju namenov obdelave ima posameznik, na katerega se nana\u0161ajo osebni podatki, pravico do dopolnitve nepopolnih osebnih podatkov, tudi z dodatno izjavo. <\/li>\n\t<li>\n<h4><strong>Pravica do izbrisa osebnih podatkov<\/strong><\/h4>\nPosameznik, na katerega se nana\u0161ajo osebni podatki, ima pravico od upravljavca zahtevati, da brez nepotrebnega odla\u0161anja izbri\u0161e osebne podatke v zvezi z njim, upravljavec pa je dol\u017ean osebne podatke brez nepotrebnega odla\u0161anja izbrisati, \u010de velja eden od razlogov iz Splo\u0161ne uredbe o varstvu podatkov. Izjemo dolo\u010da Zakon o ra\u010dunovodstvu, po katerem dolo\u010denih ra\u010dunovodskih evidenc o preteklih transakcijah ni mogo\u010de v celoti izbrisati v dolo\u010denem obdobju. <\/li>\n\t<li>\n<h4><strong>Pravica do omejitve obdelave osebnih podatkov<\/strong><\/h4>\nPosameznik, na katerega se nana\u0161ajo osebni podatki, ima pravico od upravljavca zahtevati, da omeji obdelavo njegovih osebnih podatkov v primerih, dolo\u010denih v Splo\u0161ni uredbi o varstvu podatkov.<\/li>\n\t<li>\n<h4><strong>Pravica do prenosljivosti osebnih podatkov<\/strong><\/h4>\nOb upo\u0161tevanju pogojev iz Splo\u0161ne uredbe o varstvu podatkov ima posameznik, na katerega se nana\u0161ajo osebni podatki, pravico pridobiti osebne podatke v zvezi z njim, ki jih je posredoval upravljavcu, v strukturirani, splo\u0161no uporabljani in strojno berljivi obliki ter te podatke posredovati drugemu upravljavcu brez kakr\u0161ne koli namerne ovire upravljavca, ki so mu bili osebni podatki posredovani.<\/li>\n\t<li>\n<h4><strong>Pravica do ugovora obdelavi osebnih podatkov<\/strong><\/h4>\nPosameznik, na katerega se nana\u0161ajo osebni podatki, ima iz razlogov, povezanih z njegovim posebnim polo\u017eajem, pravico, da kadar koli ugovarja obdelavi svojih osebnih podatkov, ki jih upravljavec obdeluje zaradi zakonitega interesa, vklju\u010dno z oblikovanjem profilov na podlagi zakonitega interesa upravljavca. Kadar se osebni podatki obdelujejo za namene neposrednega tr\u017eenja, ima posameznik, na katerega se nana\u0161ajo osebni podatki, pravico, da kadar koli ugovarja obdelavi osebnih podatkov v zvezi z njim za namene takega tr\u017eenja, kar vklju\u010duje profiliranje, \u010de se nana\u0161a na tako neposredno tr\u017eenje. <\/li>\n\t<li>\n<h4><strong>Pravica do preklica privolitve za obdelavo osebnih podatkov<\/strong><\/h4>\nPosameznik, na katerega se nana\u0161ajo osebni podatki, ima pravico kadar koli preklicati privolitev za obdelavo osebnih podatkov. Preklic privolitve ne vpliva na zakonitost obdelave na podlagi privolitve, dane pred njenim preklicem. Privolitev se lahko prekli\u010de po elektronski po\u0161ti na naslednji elektronski naslov: <a href=\"mailto:info@eurovat.info\">info@eurovat.info, s<\/a> pisnim obvestilom, poslanim na naslov sede\u017ea upravljavca, ali v podatkovno \u0161katlo upravljavca (ID: n8t48k9). Privolitev za prejemanje informacij o novicah ter popustih in tr\u017enih akcijah v zvezi s storitvami upravljavca se lahko prekli\u010de tudi prek elektronskega sistema za odjavo s klikom na povezavo za odjavo neposredno v poslani elektronski poslovni komunikaciji.   <\/li>\n\t<li>\n<h4><strong>Pravica do vlo\u017eitve prito\u017ebe<\/strong><\/h4>\nPosameznik, na katerega se nana\u0161ajo osebni podatki, ima pravico vlo\u017eiti prito\u017ebo pri nadzornem organu, zlasti v dr\u017eavi \u010dlanici EU svojega obi\u010dajnega prebivali\u0161\u010da, kraja zaposlitve ali kraja domnevne kr\u0161itve, \u010de meni, da obdelava njegovih osebnih podatkov kr\u0161i Splo\u0161no uredbo o varstvu podatkov. Na \u010ce\u0161kem je nadzorni organ Urad za varstvo osebnih podatkov. <\/li>\n\t\t\t\t\t\t\t\t<\/div>\n\t\t\t\t<\/div>\n\t\t\t\t\t<\/div>\n\t\t\t\t<\/div>\n\t\t\t\t<\/div>\n\t\t","protected":false},"excerpt":{"rendered":"<p>Obdelava osebnih podatkov in na\u010dela varstva Pravni okvir za obdelavo Osebni podatki strank in drugih oseb (v nadaljevanju tudi &#8220;posamezniki, na katere se nana\u0161ajo osebni podatki&#8221;), katerih osebne podatke obdeluje dru\u017eba EUROVAT-ASISTANCE, spol. s r.o., se obdelujejo v skladu z veljavnimi zakonskimi predpisi. Zlasti Uredbe (EU) 2016\/679 Evropskega parlamenta in Sveta o varstvu posameznikov pri [&hellip;]<\/p>\n","protected":false},"author":1,"featured_media":0,"parent":0,"menu_order":0,"comment_status":"closed","ping_status":"open","template":"elementor_header_footer","meta":{"_acf_changed":false,"footnotes":""},"class_list":["post-1322","page","type-page","status-publish","hentry"],"blocksy_meta":{"page_structure_type":"default","has_hero_section":"disabled","styles_descriptor":{"styles":{"desktop":"","tablet":"","mobile":""},"google_fonts":[],"version":6}},"acf":[],"yoast_head":"<!-- This site is optimized with the Yoast SEO plugin v26.2 - https:\/\/yoast.com\/wordpress\/plugins\/seo\/ -->\n<title>Dav\u010dno poro\u010dilo JPK-VAT | HR EUROVAT ASISTANCE<\/title>\n<meta name=\"robots\" content=\"index, follow, max-snippet:-1, max-image-preview:large, max-video-preview:-1\" \/>\n<link rel=\"canonical\" href=\"https:\/\/eurovat.info\/sl\/obdelava-osebnih-podatkov-in-nacela-varstva\/\" \/>\n<meta property=\"og:locale\" content=\"sl_SI\" \/>\n<meta property=\"og:type\" content=\"article\" \/>\n<meta property=\"og:title\" content=\"Dav\u010dno poro\u010dilo JPK-VAT | HR EUROVAT ASISTANCE\" \/>\n<meta property=\"og:description\" content=\"Obdelava osebnih podatkov in na\u010dela varstva Pravni okvir za obdelavo Osebni podatki strank in drugih oseb (v nadaljevanju tudi &#8220;posamezniki, na katere se nana\u0161ajo osebni podatki&#8221;), katerih osebne podatke obdeluje dru\u017eba EUROVAT-ASISTANCE, spol. s r.o., se obdelujejo v skladu z veljavnimi zakonskimi predpisi. Zlasti Uredbe (EU) 2016\/679 Evropskega parlamenta in Sveta o varstvu posameznikov pri [&hellip;]\" \/>\n<meta property=\"og:url\" content=\"https:\/\/eurovat.info\/sl\/obdelava-osebnih-podatkov-in-nacela-varstva\/\" \/>\n<meta property=\"og:site_name\" content=\"Eurovat\" \/>\n<meta property=\"article:modified_time\" content=\"2025-02-13T12:38:17+00:00\" \/>\n<meta name=\"twitter:card\" content=\"summary_large_image\" \/>\n<meta name=\"twitter:label1\" content=\"Est. reading time\" \/>\n\t<meta name=\"twitter:data1\" content=\"10 minut\" \/>\n<script type=\"application\/ld+json\" class=\"yoast-schema-graph\">{\"@context\":\"https:\/\/schema.org\",\"@graph\":[{\"@type\":\"WebPage\",\"@id\":\"https:\/\/eurovat.info\/sl\/obdelava-osebnih-podatkov-in-nacela-varstva\/\",\"url\":\"https:\/\/eurovat.info\/sl\/obdelava-osebnih-podatkov-in-nacela-varstva\/\",\"name\":\"Dav\u010dno poro\u010dilo JPK-VAT | HR EUROVAT ASISTANCE\",\"isPartOf\":{\"@id\":\"https:\/\/eurovat.info\/sl\/#website\"},\"datePublished\":\"2025-01-22T15:59:25+00:00\",\"dateModified\":\"2025-02-13T12:38:17+00:00\",\"breadcrumb\":{\"@id\":\"https:\/\/eurovat.info\/sl\/obdelava-osebnih-podatkov-in-nacela-varstva\/#breadcrumb\"},\"inLanguage\":\"sl-SI\",\"potentialAction\":[{\"@type\":\"ReadAction\",\"target\":[\"https:\/\/eurovat.info\/sl\/obdelava-osebnih-podatkov-in-nacela-varstva\/\"]}]},{\"@type\":\"BreadcrumbList\",\"@id\":\"https:\/\/eurovat.info\/sl\/obdelava-osebnih-podatkov-in-nacela-varstva\/#breadcrumb\",\"itemListElement\":[{\"@type\":\"ListItem\",\"position\":1,\"name\":\"Dom\u016f\",\"item\":\"https:\/\/eurovat.info\/sl\/domaca-stran\/\"},{\"@type\":\"ListItem\",\"position\":2,\"name\":\"Obdelava osebnih podatkov in na\u010dela varstva\"}]},{\"@type\":\"WebSite\",\"@id\":\"https:\/\/eurovat.info\/sl\/#website\",\"url\":\"https:\/\/eurovat.info\/sl\/\",\"name\":\"Eurovat\",\"description\":\"\",\"publisher\":{\"@id\":\"https:\/\/eurovat.info\/sl\/#organization\"},\"potentialAction\":[{\"@type\":\"SearchAction\",\"target\":{\"@type\":\"EntryPoint\",\"urlTemplate\":\"https:\/\/eurovat.info\/sl\/?s={search_term_string}\"},\"query-input\":{\"@type\":\"PropertyValueSpecification\",\"valueRequired\":true,\"valueName\":\"search_term_string\"}}],\"inLanguage\":\"sl-SI\"},{\"@type\":\"Organization\",\"@id\":\"https:\/\/eurovat.info\/sl\/#organization\",\"name\":\"Eurovat\",\"url\":\"https:\/\/eurovat.info\/sl\/\",\"logo\":{\"@type\":\"ImageObject\",\"inLanguage\":\"sl-SI\",\"@id\":\"https:\/\/eurovat.info\/sl\/#\/schema\/logo\/image\/\",\"url\":\"https:\/\/eurovat.info\/wp-content\/uploads\/2025\/01\/cropped-eurovatlogo.png\",\"contentUrl\":\"https:\/\/eurovat.info\/wp-content\/uploads\/2025\/01\/cropped-eurovatlogo.png\",\"width\":295,\"height\":68,\"caption\":\"Eurovat\"},\"image\":{\"@id\":\"https:\/\/eurovat.info\/sl\/#\/schema\/logo\/image\/\"}}]}<\/script>\n<!-- \/ Yoast SEO plugin. -->","yoast_head_json":{"title":"Dav\u010dno poro\u010dilo JPK-VAT | HR EUROVAT ASISTANCE","robots":{"index":"index","follow":"follow","max-snippet":"max-snippet:-1","max-image-preview":"max-image-preview:large","max-video-preview":"max-video-preview:-1"},"canonical":"https:\/\/eurovat.info\/sl\/obdelava-osebnih-podatkov-in-nacela-varstva\/","og_locale":"sl_SI","og_type":"article","og_title":"Dav\u010dno poro\u010dilo JPK-VAT | HR EUROVAT ASISTANCE","og_description":"Obdelava osebnih podatkov in na\u010dela varstva Pravni okvir za obdelavo Osebni podatki strank in drugih oseb (v nadaljevanju tudi &#8220;posamezniki, na katere se nana\u0161ajo osebni podatki&#8221;), katerih osebne podatke obdeluje dru\u017eba EUROVAT-ASISTANCE, spol. s r.o., se obdelujejo v skladu z veljavnimi zakonskimi predpisi. Zlasti Uredbe (EU) 2016\/679 Evropskega parlamenta in Sveta o varstvu posameznikov pri [&hellip;]","og_url":"https:\/\/eurovat.info\/sl\/obdelava-osebnih-podatkov-in-nacela-varstva\/","og_site_name":"Eurovat","article_modified_time":"2025-02-13T12:38:17+00:00","twitter_card":"summary_large_image","twitter_misc":{"Est. reading time":"10 minut"},"schema":{"@context":"https:\/\/schema.org","@graph":[{"@type":"WebPage","@id":"https:\/\/eurovat.info\/sl\/obdelava-osebnih-podatkov-in-nacela-varstva\/","url":"https:\/\/eurovat.info\/sl\/obdelava-osebnih-podatkov-in-nacela-varstva\/","name":"Dav\u010dno poro\u010dilo JPK-VAT | HR EUROVAT ASISTANCE","isPartOf":{"@id":"https:\/\/eurovat.info\/sl\/#website"},"datePublished":"2025-01-22T15:59:25+00:00","dateModified":"2025-02-13T12:38:17+00:00","breadcrumb":{"@id":"https:\/\/eurovat.info\/sl\/obdelava-osebnih-podatkov-in-nacela-varstva\/#breadcrumb"},"inLanguage":"sl-SI","potentialAction":[{"@type":"ReadAction","target":["https:\/\/eurovat.info\/sl\/obdelava-osebnih-podatkov-in-nacela-varstva\/"]}]},{"@type":"BreadcrumbList","@id":"https:\/\/eurovat.info\/sl\/obdelava-osebnih-podatkov-in-nacela-varstva\/#breadcrumb","itemListElement":[{"@type":"ListItem","position":1,"name":"Dom\u016f","item":"https:\/\/eurovat.info\/sl\/domaca-stran\/"},{"@type":"ListItem","position":2,"name":"Obdelava osebnih podatkov in na\u010dela varstva"}]},{"@type":"WebSite","@id":"https:\/\/eurovat.info\/sl\/#website","url":"https:\/\/eurovat.info\/sl\/","name":"Eurovat","description":"","publisher":{"@id":"https:\/\/eurovat.info\/sl\/#organization"},"potentialAction":[{"@type":"SearchAction","target":{"@type":"EntryPoint","urlTemplate":"https:\/\/eurovat.info\/sl\/?s={search_term_string}"},"query-input":{"@type":"PropertyValueSpecification","valueRequired":true,"valueName":"search_term_string"}}],"inLanguage":"sl-SI"},{"@type":"Organization","@id":"https:\/\/eurovat.info\/sl\/#organization","name":"Eurovat","url":"https:\/\/eurovat.info\/sl\/","logo":{"@type":"ImageObject","inLanguage":"sl-SI","@id":"https:\/\/eurovat.info\/sl\/#\/schema\/logo\/image\/","url":"https:\/\/eurovat.info\/wp-content\/uploads\/2025\/01\/cropped-eurovatlogo.png","contentUrl":"https:\/\/eurovat.info\/wp-content\/uploads\/2025\/01\/cropped-eurovatlogo.png","width":295,"height":68,"caption":"Eurovat"},"image":{"@id":"https:\/\/eurovat.info\/sl\/#\/schema\/logo\/image\/"}}]}},"_links":{"self":[{"href":"https:\/\/eurovat.info\/sl\/wp-json\/wp\/v2\/pages\/1322","targetHints":{"allow":["GET"]}}],"collection":[{"href":"https:\/\/eurovat.info\/sl\/wp-json\/wp\/v2\/pages"}],"about":[{"href":"https:\/\/eurovat.info\/sl\/wp-json\/wp\/v2\/types\/page"}],"author":[{"embeddable":true,"href":"https:\/\/eurovat.info\/sl\/wp-json\/wp\/v2\/users\/1"}],"replies":[{"embeddable":true,"href":"https:\/\/eurovat.info\/sl\/wp-json\/wp\/v2\/comments?post=1322"}],"version-history":[{"count":3,"href":"https:\/\/eurovat.info\/sl\/wp-json\/wp\/v2\/pages\/1322\/revisions"}],"predecessor-version":[{"id":1396,"href":"https:\/\/eurovat.info\/sl\/wp-json\/wp\/v2\/pages\/1322\/revisions\/1396"}],"wp:attachment":[{"href":"https:\/\/eurovat.info\/sl\/wp-json\/wp\/v2\/media?parent=1322"}],"curies":[{"name":"wp","href":"https:\/\/api.w.org\/{rel}","templated":true}]}}