{"id":1208,"date":"2025-01-26T16:27:00","date_gmt":"2025-01-26T16:27:00","guid":{"rendered":"http:\/\/eurovat.info\/kontakt\/"},"modified":"2025-02-13T14:59:59","modified_gmt":"2025-02-13T14:59:59","slug":"contakt","status":"publish","type":"page","link":"https:\/\/eurovat.info\/ro\/contakt\/","title":{"rendered":"Contact"},"content":{"rendered":"\t\t<div data-elementor-type=\"wp-page\" data-elementor-id=\"1208\" class=\"elementor elementor-1208 elementor-174\" data-elementor-post-type=\"page\">\n\t\t\t\t<div class=\"elementor-element elementor-element-b63c05f e-flex e-con-boxed e-con e-parent\" data-id=\"b63c05f\" data-element_type=\"container\" data-settings=\"{&quot;background_background&quot;:&quot;classic&quot;}\">\n\t\t\t\t\t<div class=\"e-con-inner\">\n\t\t\t\t<div class=\"elementor-element elementor-element-a8d5aca elementor-widget elementor-widget-heading\" data-id=\"a8d5aca\" data-element_type=\"widget\" data-widget_type=\"heading.default\">\n\t\t\t\t<div class=\"elementor-widget-container\">\n\t\t\t\t\t<h1 class=\"elementor-heading-title elementor-size-default\">Contact<\/h1>\t\t\t\t<\/div>\n\t\t\t\t<\/div>\n\t\t\t\t<div class=\"elementor-element elementor-element-70f38a8 elementor-widget elementor-widget-button\" data-id=\"70f38a8\" data-element_type=\"widget\" data-widget_type=\"button.default\">\n\t\t\t\t<div class=\"elementor-widget-container\">\n\t\t\t\t\t\t\t\t\t<div class=\"elementor-button-wrapper\">\n\t\t\t\t\t<a class=\"elementor-button elementor-button-link elementor-size-sm\" href=\"#\">\n\t\t\t\t\t\t<span class=\"elementor-button-content-wrapper\">\n\t\t\t\t\t\t\t\t\t<span class=\"elementor-button-text\">Contacta\u021bi-ne<\/span>\n\t\t\t\t\t<\/span>\n\t\t\t\t\t<\/a>\n\t\t\t\t<\/div>\n\t\t\t\t\t\t\t\t<\/div>\n\t\t\t\t<\/div>\n\t\t\t\t\t<\/div>\n\t\t\t\t<\/div>\n\t\t<div class=\"elementor-element elementor-element-b7211ec e-flex e-con-boxed e-con e-parent\" data-id=\"b7211ec\" data-element_type=\"container\">\n\t\t\t\t\t<div class=\"e-con-inner\">\n\t\t\t\t<div class=\"elementor-element elementor-element-6a9c54a elementor-hidden-tablet elementor-hidden-mobile elementor-widget elementor-widget-spacer\" data-id=\"6a9c54a\" data-element_type=\"widget\" data-widget_type=\"spacer.default\">\n\t\t\t\t<div class=\"elementor-widget-container\">\n\t\t\t\t\t\t\t<div class=\"elementor-spacer\">\n\t\t\t<div class=\"elementor-spacer-inner\"><\/div>\n\t\t<\/div>\n\t\t\t\t\t\t<\/div>\n\t\t\t\t<\/div>\n\t\t\t\t<div class=\"elementor-element elementor-element-aaeee6c elementor-widget elementor-widget-text-editor\" data-id=\"aaeee6c\" data-element_type=\"widget\" data-widget_type=\"text-editor.default\">\n\t\t\t\t<div class=\"elementor-widget-container\">\n\t\t\t\t\t\t\t\t\t<h2 style=\"text-align: center;\">Reflecta\u0163i asupra modului \u00een care v\u0103 pute\u0163i recupera taxele \u015fi impozitele din UE?<\/h2>\n<p style=\"text-align: center;\">Mai jos completa\u0163i datele dumneavoastr\u0103 \u015fi \u00een cursul urm\u0103toarei zile lucr\u0103toare v\u0103 vom contacta pentru a discuta posibilit\u0103\u0163ile. <br \/>Ne vom consulta \u00een privin\u0163a obiectivului dumneavoastr\u0103 \u015fi vom vedea dac\u0103 v\u0103 vom putea ajuta.<\/p>\n\t\t\t\t\t\t\t\t<\/div>\n\t\t\t\t<\/div>\n\t\t\t\t<div class=\"elementor-element elementor-element-c5f0803 elementor-hidden-tablet elementor-hidden-mobile elementor-widget elementor-widget-spacer\" data-id=\"c5f0803\" data-element_type=\"widget\" data-widget_type=\"spacer.default\">\n\t\t\t\t<div class=\"elementor-widget-container\">\n\t\t\t\t\t\t\t<div class=\"elementor-spacer\">\n\t\t\t<div class=\"elementor-spacer-inner\"><\/div>\n\t\t<\/div>\n\t\t\t\t\t\t<\/div>\n\t\t\t\t<\/div>\n\t\t\t\t\t<\/div>\n\t\t\t\t<\/div>\n\t\t<div class=\"elementor-element elementor-element-f791a4a e-flex e-con-boxed e-con e-parent\" data-id=\"f791a4a\" data-element_type=\"container\">\n\t\t\t\t\t<div class=\"e-con-inner\">\n\t\t<div class=\"elementor-element elementor-element-86cb78a e-con-full e-flex e-con e-child\" data-id=\"86cb78a\" data-element_type=\"container\">\n\t\t\t\t<div class=\"elementor-element elementor-element-6ed12ef elementor-widget elementor-widget-heading\" data-id=\"6ed12ef\" data-element_type=\"widget\" data-widget_type=\"heading.default\">\n\t\t\t\t<div class=\"elementor-widget-container\">\n\t\t\t\t\t<h2 class=\"elementor-heading-title elementor-size-default\">Ave\u021bi o \u00eentrebare? Aici cu el. <\/h2>\t\t\t\t<\/div>\n\t\t\t\t<\/div>\n\t\t\t\t<div class=\"elementor-element elementor-element-b9c6101 elementor-widget elementor-widget-shortcode\" data-id=\"b9c6101\" data-element_type=\"widget\" data-widget_type=\"shortcode.default\">\n\t\t\t\t<div class=\"elementor-widget-container\">\n\t\t\t\t\t\t\t<div class=\"elementor-shortcode\"><div class=\"wpforms-container wpforms-render-modern\" id=\"wpforms-194\"><form id=\"wpforms-form-194\" class=\"wpforms-validate wpforms-form wpforms-ajax-form\" data-formid=\"194\" method=\"post\" enctype=\"multipart\/form-data\" action=\"\/ro\/wp-json\/wp\/v2\/pages\/1208\" data-token=\"bf9a493458d4e2723fb925ca1268f38e\" data-token-time=\"1777624096\"><noscript class=\"wpforms-error-noscript\">Please enable JavaScript in your browser to complete this form.<\/noscript><div class=\"wpforms-hidden\" id=\"wpforms-error-noscript\">Please enable JavaScript in your browser to complete this form.<\/div><div class=\"wpforms-field-container\"><div id=\"wpforms-194-field_1-container\" class=\"wpforms-field wpforms-field-name\" data-field-id=\"1\"><fieldset><legend class=\"wpforms-field-label\">Nume \u0219i prenume <span class=\"wpforms-required-label\" aria-hidden=\"true\">*<\/span><\/legend><div class=\"wpforms-field-row wpforms-field-medium\"><div class=\"wpforms-field-row-block wpforms-first wpforms-one-half\"><input type=\"text\" id=\"wpforms-194-field_1\" class=\"wpforms-field-name-first wpforms-field-required\" name=\"wpforms[fields][1][first]\" placeholder=\"Nume \u0219i prenume\" aria-errormessage=\"wpforms-194-field_1-error\" required><label for=\"wpforms-194-field_1\" class=\"wpforms-field-sublabel after wpforms-sublabel-hide\">Numele \u0219i prenumele<\/label><\/div><div class=\"wpforms-field-row-block wpforms-one-half\"><input type=\"text\" id=\"wpforms-194-field_1-last\" class=\"wpforms-field-name-last wpforms-field-required\" name=\"wpforms[fields][1][last]\" placeholder=\"Numele de familie\" aria-errormessage=\"wpforms-194-field_1-last-error\" required><label for=\"wpforms-194-field_1-last\" class=\"wpforms-field-sublabel after wpforms-sublabel-hide\">Numele de familie<\/label><\/div><\/div><\/fieldset><\/div><div id=\"wpforms-194-field_2-container\" class=\"wpforms-field wpforms-field-email\" data-field-id=\"2\"><label class=\"wpforms-field-label\" for=\"wpforms-194-field_2\">E-mail <span class=\"wpforms-required-label\" aria-hidden=\"true\">*<\/span><\/label><input type=\"email\" id=\"wpforms-194-field_2\" class=\"wpforms-field-medium wpforms-field-required\" name=\"wpforms[fields][2]\" placeholder=\"E-mail\" spellcheck=\"false\" aria-errormessage=\"wpforms-194-field_2-error\" required><\/div><div id=\"wpforms-194-field_5-container\" class=\"wpforms-field wpforms-field-text\" data-field-id=\"5\"><label class=\"wpforms-field-label\" for=\"wpforms-194-field_5\">Telefon<\/label><input type=\"text\" id=\"wpforms-194-field_5\" class=\"wpforms-field-medium\" name=\"wpforms[fields][5]\" aria-errormessage=\"wpforms-194-field_5-error\" ><\/div><div id=\"wpforms-194-field_3-container\" class=\"wpforms-field wpforms-field-textarea\" data-field-id=\"3\"><label class=\"wpforms-field-label\" for=\"wpforms-194-field_3\">Raport<\/label><textarea id=\"wpforms-194-field_3\" class=\"wpforms-field-medium\" name=\"wpforms[fields][3]\" placeholder=\"Scrie\u021bi un mesaj...\" aria-errormessage=\"wpforms-194-field_3-error\" ><\/textarea><\/div><div id=\"wpforms-194-field_6-container\" class=\"wpforms-field wpforms-field-checkbox\" data-field-id=\"6\"><fieldset><legend class=\"wpforms-field-label wpforms-label-hide\" aria-hidden=\"false\"><\/legend><ul id=\"wpforms-194-field_6\"><li class=\"choice-1 depth-1\"><input type=\"checkbox\" id=\"wpforms-194-field_6_1\" name=\"wpforms[fields][6][]\" value=\"Sunt de acord cu prelucrarea datelor cu caracter personal\" aria-errormessage=\"wpforms-194-field_6_1-error\"  ><label class=\"wpforms-field-label-inline\" for=\"wpforms-194-field_6_1\">Sunt de acord cu prelucrarea datelor cu caracter personal<\/label><\/li><\/ul><\/fieldset><\/div><\/div><!-- .wpforms-field-container --><div class=\"wpforms-submit-container\" ><input type=\"hidden\" name=\"wpforms[id]\" value=\"194\"><input type=\"hidden\" name=\"page_title\" value=\"\"><input type=\"hidden\" name=\"page_url\" value=\"https:\/\/eurovat.info\/ro\/wp-json\/wp\/v2\/pages\/1208\"><button type=\"submit\" name=\"wpforms[submit]\" id=\"wpforms-submit-194\" class=\"wpforms-submit\" data-alt-text=\"Eu trimit...\" data-submit-text=\"Trimite\u021bi la\" aria-live=\"assertive\" value=\"wpforms-submit\">Trimite\u021bi la<\/button><img decoding=\"async\" src=\"https:\/\/eurovat.info\/wp-content\/plugins\/wpforms-lite\/assets\/images\/submit-spin.svg\" class=\"wpforms-submit-spinner\" style=\"display: none;\" width=\"26\" height=\"26\" alt=\"Loading\"><\/div><\/form><\/div>  <!-- .wpforms-container --><\/div>\n\t\t\t\t\t\t<\/div>\n\t\t\t\t<\/div>\n\t\t\t\t<\/div>\n\t\t\t\t<div class=\"elementor-element elementor-element-17ad500 elementor-widget elementor-widget-spacer\" data-id=\"17ad500\" data-element_type=\"widget\" data-widget_type=\"spacer.default\">\n\t\t\t\t<div class=\"elementor-widget-container\">\n\t\t\t\t\t\t\t<div class=\"elementor-spacer\">\n\t\t\t<div class=\"elementor-spacer-inner\"><\/div>\n\t\t<\/div>\n\t\t\t\t\t\t<\/div>\n\t\t\t\t<\/div>\n\t\t\t\t\t<\/div>\n\t\t\t\t<\/div>\n\t\t<div class=\"elementor-element elementor-element-c3d6173 e-flex e-con-boxed e-con e-parent\" data-id=\"c3d6173\" data-element_type=\"container\" data-settings=\"{&quot;background_background&quot;:&quot;classic&quot;}\">\n\t\t\t\t\t<div class=\"e-con-inner\">\n\t\t<div class=\"elementor-element elementor-element-7492e8f e-con-full e-flex e-con e-child\" data-id=\"7492e8f\" data-element_type=\"container\">\n\t\t\t\t<div class=\"elementor-element elementor-element-c8a64ae elementor-widget elementor-widget-text-editor\" data-id=\"c8a64ae\" data-element_type=\"widget\" data-widget_type=\"text-editor.default\">\n\t\t\t\t<div class=\"elementor-widget-container\">\n\t\t\t\t\t\t\t\t\t<p><strong>EUROVAT \u2013 ASISTANCE spol. s r. o.  <\/strong><br \/>Na Hr\u00e1zi 1452<br \/>755 01 Vset\u00edn<br \/>\u010cesk\u00e1 Republika<\/p>\n<p>Phone 1: +420 571 411 208<br \/>Phone 2: +420 571 411 227<br \/>Mobile 1: +420 775 571 033<br \/>Mobile 2: +420 777 571 127<br \/>E-mail: info@eurovat.info<\/p>\n\t\t\t\t\t\t\t\t<\/div>\n\t\t\t\t<\/div>\n\t\t\t\t<\/div>\n\t\t<div class=\"elementor-element elementor-element-4d1e0dd e-con-full e-flex e-con e-child\" data-id=\"4d1e0dd\" data-element_type=\"container\">\n\t\t\t\t<div class=\"elementor-element elementor-element-d3aa5cd elementor-widget elementor-widget-image\" data-id=\"d3aa5cd\" data-element_type=\"widget\" data-widget_type=\"image.default\">\n\t\t\t\t<div class=\"elementor-widget-container\">\n\t\t\t\t\t\t\t\t\t\t\t\t\t\t\t<img fetchpriority=\"high\" decoding=\"async\" width=\"419\" height=\"241\" src=\"https:\/\/eurovat.info\/wp-content\/uploads\/2025\/01\/background-1.png\" class=\"attachment-large size-large wp-image-176\" alt=\"\" srcset=\"https:\/\/eurovat.info\/wp-content\/uploads\/2025\/01\/background-1.png 419w, https:\/\/eurovat.info\/wp-content\/uploads\/2025\/01\/background-1-300x173.png 300w\" sizes=\"(max-width: 419px) 100vw, 419px\" \/>\t\t\t\t\t\t\t\t\t\t\t\t\t\t\t<\/div>\n\t\t\t\t<\/div>\n\t\t\t\t<\/div>\n\t\t\t\t\t<\/div>\n\t\t\t\t<\/div>\n\t\t\t\t<\/div>\n\t\t","protected":false},"excerpt":{"rendered":"<p>Contact Contacta\u021bi-ne Reflecta\u0163i asupra modului \u00een care v\u0103 pute\u0163i recupera taxele \u015fi impozitele din UE? Mai jos completa\u0163i datele dumneavoastr\u0103 \u015fi \u00een cursul urm\u0103toarei zile lucr\u0103toare v\u0103 vom contacta pentru a discuta posibilit\u0103\u0163ile. Ne vom consulta \u00een privin\u0163a obiectivului dumneavoastr\u0103 \u015fi vom vedea dac\u0103 v\u0103 vom putea ajuta. Ave\u021bi o \u00eentrebare? Aici cu el. EUROVAT [&hellip;]<\/p>\n","protected":false},"author":1,"featured_media":0,"parent":0,"menu_order":0,"comment_status":"closed","ping_status":"closed","template":"elementor_header_footer","meta":{"_acf_changed":false,"footnotes":""},"class_list":["post-1208","page","type-page","status-publish","hentry"],"blocksy_meta":[],"acf":[],"yoast_head":"<!-- This site is optimized with the Yoast SEO plugin v26.2 - https:\/\/yoast.com\/wordpress\/plugins\/seo\/ -->\n<title>Contact EUROVAT | CZ EUROVAT ASISTANCE<\/title>\n<meta name=\"description\" content=\"Contacta\u0163i EUROVAT \u00een privin\u0163a ramburs\u0103rii TVA, rambursarea acizelor sau a TVA pentru servicii de transport persoane.\" \/>\n<meta name=\"robots\" content=\"index, follow, max-snippet:-1, max-image-preview:large, max-video-preview:-1\" \/>\n<link rel=\"canonical\" href=\"https:\/\/eurovat.info\/ro\/contakt\/\" \/>\n<meta property=\"og:locale\" content=\"ro_RO\" \/>\n<meta property=\"og:type\" content=\"article\" \/>\n<meta property=\"og:title\" content=\"Contact EUROVAT | CZ EUROVAT ASISTANCE\" \/>\n<meta property=\"og:description\" content=\"Contacta\u0163i EUROVAT \u00een privin\u0163a ramburs\u0103rii TVA, rambursarea acizelor sau a TVA pentru servicii de transport persoane.\" \/>\n<meta property=\"og:url\" content=\"https:\/\/eurovat.info\/ro\/contakt\/\" \/>\n<meta property=\"og:site_name\" content=\"Eurovat\" \/>\n<meta property=\"article:modified_time\" content=\"2025-02-13T14:59:59+00:00\" \/>\n<meta property=\"og:image\" content=\"http:\/\/eurovat.info\/wp-content\/uploads\/2025\/01\/background-1.png\" \/>\n<meta name=\"twitter:card\" content=\"summary_large_image\" \/>\n<script type=\"application\/ld+json\" class=\"yoast-schema-graph\">{\"@context\":\"https:\/\/schema.org\",\"@graph\":[{\"@type\":\"WebPage\",\"@id\":\"https:\/\/eurovat.info\/ro\/contakt\/\",\"url\":\"https:\/\/eurovat.info\/ro\/contakt\/\",\"name\":\"Contact EUROVAT | CZ EUROVAT ASISTANCE\",\"isPartOf\":{\"@id\":\"https:\/\/eurovat.info\/ro\/#website\"},\"primaryImageOfPage\":{\"@id\":\"https:\/\/eurovat.info\/ro\/contakt\/#primaryimage\"},\"image\":{\"@id\":\"https:\/\/eurovat.info\/ro\/contakt\/#primaryimage\"},\"thumbnailUrl\":\"http:\/\/eurovat.info\/wp-content\/uploads\/2025\/01\/background-1.png\",\"datePublished\":\"2025-01-26T16:27:00+00:00\",\"dateModified\":\"2025-02-13T14:59:59+00:00\",\"description\":\"Contacta\u0163i EUROVAT \u00een privin\u0163a ramburs\u0103rii TVA, rambursarea acizelor sau a TVA pentru servicii de transport persoane.\",\"breadcrumb\":{\"@id\":\"https:\/\/eurovat.info\/ro\/contakt\/#breadcrumb\"},\"inLanguage\":\"ro-RO\",\"potentialAction\":[{\"@type\":\"ReadAction\",\"target\":[\"https:\/\/eurovat.info\/ro\/contakt\/\"]}]},{\"@type\":\"ImageObject\",\"inLanguage\":\"ro-RO\",\"@id\":\"https:\/\/eurovat.info\/ro\/contakt\/#primaryimage\",\"url\":\"http:\/\/eurovat.info\/wp-content\/uploads\/2025\/01\/background-1.png\",\"contentUrl\":\"http:\/\/eurovat.info\/wp-content\/uploads\/2025\/01\/background-1.png\"},{\"@type\":\"BreadcrumbList\",\"@id\":\"https:\/\/eurovat.info\/ro\/contakt\/#breadcrumb\",\"itemListElement\":[{\"@type\":\"ListItem\",\"position\":1,\"name\":\"Dom\u016f\",\"item\":\"https:\/\/eurovat.info\/ro\/pagina-de-pornire\/\"},{\"@type\":\"ListItem\",\"position\":2,\"name\":\"Contact\"}]},{\"@type\":\"WebSite\",\"@id\":\"https:\/\/eurovat.info\/ro\/#website\",\"url\":\"https:\/\/eurovat.info\/ro\/\",\"name\":\"Eurovat\",\"description\":\"\",\"publisher\":{\"@id\":\"https:\/\/eurovat.info\/ro\/#organization\"},\"potentialAction\":[{\"@type\":\"SearchAction\",\"target\":{\"@type\":\"EntryPoint\",\"urlTemplate\":\"https:\/\/eurovat.info\/ro\/?s={search_term_string}\"},\"query-input\":{\"@type\":\"PropertyValueSpecification\",\"valueRequired\":true,\"valueName\":\"search_term_string\"}}],\"inLanguage\":\"ro-RO\"},{\"@type\":\"Organization\",\"@id\":\"https:\/\/eurovat.info\/ro\/#organization\",\"name\":\"Eurovat\",\"url\":\"https:\/\/eurovat.info\/ro\/\",\"logo\":{\"@type\":\"ImageObject\",\"inLanguage\":\"ro-RO\",\"@id\":\"https:\/\/eurovat.info\/ro\/#\/schema\/logo\/image\/\",\"url\":\"https:\/\/eurovat.info\/wp-content\/uploads\/2025\/01\/cropped-eurovatlogo.png\",\"contentUrl\":\"https:\/\/eurovat.info\/wp-content\/uploads\/2025\/01\/cropped-eurovatlogo.png\",\"width\":295,\"height\":68,\"caption\":\"Eurovat\"},\"image\":{\"@id\":\"https:\/\/eurovat.info\/ro\/#\/schema\/logo\/image\/\"}}]}<\/script>\n<!-- \/ Yoast SEO plugin. -->","yoast_head_json":{"title":"Contact EUROVAT | CZ EUROVAT ASISTANCE","description":"Contacta\u0163i EUROVAT \u00een privin\u0163a ramburs\u0103rii TVA, rambursarea acizelor sau a TVA pentru servicii de transport persoane.","robots":{"index":"index","follow":"follow","max-snippet":"max-snippet:-1","max-image-preview":"max-image-preview:large","max-video-preview":"max-video-preview:-1"},"canonical":"https:\/\/eurovat.info\/ro\/contakt\/","og_locale":"ro_RO","og_type":"article","og_title":"Contact EUROVAT | CZ EUROVAT ASISTANCE","og_description":"Contacta\u0163i EUROVAT \u00een privin\u0163a ramburs\u0103rii TVA, rambursarea acizelor sau a TVA pentru servicii de transport persoane.","og_url":"https:\/\/eurovat.info\/ro\/contakt\/","og_site_name":"Eurovat","article_modified_time":"2025-02-13T14:59:59+00:00","og_image":[{"url":"http:\/\/eurovat.info\/wp-content\/uploads\/2025\/01\/background-1.png","type":"","width":"","height":""}],"twitter_card":"summary_large_image","schema":{"@context":"https:\/\/schema.org","@graph":[{"@type":"WebPage","@id":"https:\/\/eurovat.info\/ro\/contakt\/","url":"https:\/\/eurovat.info\/ro\/contakt\/","name":"Contact EUROVAT | CZ EUROVAT ASISTANCE","isPartOf":{"@id":"https:\/\/eurovat.info\/ro\/#website"},"primaryImageOfPage":{"@id":"https:\/\/eurovat.info\/ro\/contakt\/#primaryimage"},"image":{"@id":"https:\/\/eurovat.info\/ro\/contakt\/#primaryimage"},"thumbnailUrl":"http:\/\/eurovat.info\/wp-content\/uploads\/2025\/01\/background-1.png","datePublished":"2025-01-26T16:27:00+00:00","dateModified":"2025-02-13T14:59:59+00:00","description":"Contacta\u0163i EUROVAT \u00een privin\u0163a ramburs\u0103rii TVA, rambursarea acizelor sau a TVA pentru servicii de transport persoane.","breadcrumb":{"@id":"https:\/\/eurovat.info\/ro\/contakt\/#breadcrumb"},"inLanguage":"ro-RO","potentialAction":[{"@type":"ReadAction","target":["https:\/\/eurovat.info\/ro\/contakt\/"]}]},{"@type":"ImageObject","inLanguage":"ro-RO","@id":"https:\/\/eurovat.info\/ro\/contakt\/#primaryimage","url":"http:\/\/eurovat.info\/wp-content\/uploads\/2025\/01\/background-1.png","contentUrl":"http:\/\/eurovat.info\/wp-content\/uploads\/2025\/01\/background-1.png"},{"@type":"BreadcrumbList","@id":"https:\/\/eurovat.info\/ro\/contakt\/#breadcrumb","itemListElement":[{"@type":"ListItem","position":1,"name":"Dom\u016f","item":"https:\/\/eurovat.info\/ro\/pagina-de-pornire\/"},{"@type":"ListItem","position":2,"name":"Contact"}]},{"@type":"WebSite","@id":"https:\/\/eurovat.info\/ro\/#website","url":"https:\/\/eurovat.info\/ro\/","name":"Eurovat","description":"","publisher":{"@id":"https:\/\/eurovat.info\/ro\/#organization"},"potentialAction":[{"@type":"SearchAction","target":{"@type":"EntryPoint","urlTemplate":"https:\/\/eurovat.info\/ro\/?s={search_term_string}"},"query-input":{"@type":"PropertyValueSpecification","valueRequired":true,"valueName":"search_term_string"}}],"inLanguage":"ro-RO"},{"@type":"Organization","@id":"https:\/\/eurovat.info\/ro\/#organization","name":"Eurovat","url":"https:\/\/eurovat.info\/ro\/","logo":{"@type":"ImageObject","inLanguage":"ro-RO","@id":"https:\/\/eurovat.info\/ro\/#\/schema\/logo\/image\/","url":"https:\/\/eurovat.info\/wp-content\/uploads\/2025\/01\/cropped-eurovatlogo.png","contentUrl":"https:\/\/eurovat.info\/wp-content\/uploads\/2025\/01\/cropped-eurovatlogo.png","width":295,"height":68,"caption":"Eurovat"},"image":{"@id":"https:\/\/eurovat.info\/ro\/#\/schema\/logo\/image\/"}}]}},"_links":{"self":[{"href":"https:\/\/eurovat.info\/ro\/wp-json\/wp\/v2\/pages\/1208","targetHints":{"allow":["GET"]}}],"collection":[{"href":"https:\/\/eurovat.info\/ro\/wp-json\/wp\/v2\/pages"}],"about":[{"href":"https:\/\/eurovat.info\/ro\/wp-json\/wp\/v2\/types\/page"}],"author":[{"embeddable":true,"href":"https:\/\/eurovat.info\/ro\/wp-json\/wp\/v2\/users\/1"}],"replies":[{"embeddable":true,"href":"https:\/\/eurovat.info\/ro\/wp-json\/wp\/v2\/comments?post=1208"}],"version-history":[{"count":3,"href":"https:\/\/eurovat.info\/ro\/wp-json\/wp\/v2\/pages\/1208\/revisions"}],"predecessor-version":[{"id":1408,"href":"https:\/\/eurovat.info\/ro\/wp-json\/wp\/v2\/pages\/1208\/revisions\/1408"}],"wp:attachment":[{"href":"https:\/\/eurovat.info\/ro\/wp-json\/wp\/v2\/media?parent=1208"}],"curies":[{"name":"wp","href":"https:\/\/api.w.org\/{rel}","templated":true}]}}