{"id":1199,"date":"2025-01-26T16:27:00","date_gmt":"2025-01-26T16:27:00","guid":{"rendered":"http:\/\/eurovat.info\/contact\/"},"modified":"2025-02-13T15:57:37","modified_gmt":"2025-02-13T15:57:37","slug":"contact","status":"publish","type":"page","link":"https:\/\/eurovat.info\/fr\/contact\/","title":{"rendered":"Contact"},"content":{"rendered":"\t\t<div data-elementor-type=\"wp-page\" data-elementor-id=\"1199\" class=\"elementor elementor-1199 elementor-174\" data-elementor-post-type=\"page\">\n\t\t\t\t<div class=\"elementor-element elementor-element-b63c05f e-flex e-con-boxed e-con e-parent\" data-id=\"b63c05f\" data-element_type=\"container\" data-settings=\"{&quot;background_background&quot;:&quot;classic&quot;}\">\n\t\t\t\t\t<div class=\"e-con-inner\">\n\t\t\t\t<div class=\"elementor-element elementor-element-a8d5aca elementor-widget elementor-widget-heading\" data-id=\"a8d5aca\" data-element_type=\"widget\" data-widget_type=\"heading.default\">\n\t\t\t\t<div class=\"elementor-widget-container\">\n\t\t\t\t\t<h1 class=\"elementor-heading-title elementor-size-default\">Contact<\/h1>\t\t\t\t<\/div>\n\t\t\t\t<\/div>\n\t\t\t\t<div class=\"elementor-element elementor-element-70f38a8 elementor-widget elementor-widget-button\" data-id=\"70f38a8\" data-element_type=\"widget\" data-widget_type=\"button.default\">\n\t\t\t\t<div class=\"elementor-widget-container\">\n\t\t\t\t\t\t\t\t\t<div class=\"elementor-button-wrapper\">\n\t\t\t\t\t<a class=\"elementor-button elementor-button-link elementor-size-sm\" href=\"#\">\n\t\t\t\t\t\t<span class=\"elementor-button-content-wrapper\">\n\t\t\t\t\t\t\t\t\t<span class=\"elementor-button-text\">Contactez-nous<\/span>\n\t\t\t\t\t<\/span>\n\t\t\t\t\t<\/a>\n\t\t\t\t<\/div>\n\t\t\t\t\t\t\t\t<\/div>\n\t\t\t\t<\/div>\n\t\t\t\t\t<\/div>\n\t\t\t\t<\/div>\n\t\t<div class=\"elementor-element elementor-element-b7211ec e-flex e-con-boxed e-con e-parent\" data-id=\"b7211ec\" data-element_type=\"container\">\n\t\t\t\t\t<div class=\"e-con-inner\">\n\t\t\t\t<div class=\"elementor-element elementor-element-6a9c54a elementor-hidden-tablet elementor-hidden-mobile elementor-widget elementor-widget-spacer\" data-id=\"6a9c54a\" data-element_type=\"widget\" data-widget_type=\"spacer.default\">\n\t\t\t\t<div class=\"elementor-widget-container\">\n\t\t\t\t\t\t\t<div class=\"elementor-spacer\">\n\t\t\t<div class=\"elementor-spacer-inner\"><\/div>\n\t\t<\/div>\n\t\t\t\t\t\t<\/div>\n\t\t\t\t<\/div>\n\t\t\t\t<div class=\"elementor-element elementor-element-aaeee6c elementor-widget elementor-widget-text-editor\" data-id=\"aaeee6c\" data-element_type=\"widget\" data-widget_type=\"text-editor.default\">\n\t\t\t\t<div class=\"elementor-widget-container\">\n\t\t\t\t\t\t\t\t\t<h2 style=\"text-align: center;\">Vous vous demandez comment r\u00e9cup\u00e9rer vos imp\u00f4ts aupr\u00e8s de l\u2019UE ?<\/h2>\n<p style=\"text-align: center;\">Remplissez vos coordonn\u00e9es ci-dessous et nous vous contacterons dans le prochain jour ouvrable pour discuter de vos options. <br \/>Nous discuterons de ce que vous souhaitez r\u00e9aliser et verrons si nous pouvons vous aider.<\/p>\n\t\t\t\t\t\t\t\t<\/div>\n\t\t\t\t<\/div>\n\t\t\t\t<div class=\"elementor-element elementor-element-c5f0803 elementor-hidden-tablet elementor-hidden-mobile elementor-widget elementor-widget-spacer\" data-id=\"c5f0803\" data-element_type=\"widget\" data-widget_type=\"spacer.default\">\n\t\t\t\t<div class=\"elementor-widget-container\">\n\t\t\t\t\t\t\t<div class=\"elementor-spacer\">\n\t\t\t<div class=\"elementor-spacer-inner\"><\/div>\n\t\t<\/div>\n\t\t\t\t\t\t<\/div>\n\t\t\t\t<\/div>\n\t\t\t\t\t<\/div>\n\t\t\t\t<\/div>\n\t\t<div class=\"elementor-element elementor-element-f791a4a e-flex e-con-boxed e-con e-parent\" data-id=\"f791a4a\" data-element_type=\"container\">\n\t\t\t\t\t<div class=\"e-con-inner\">\n\t\t<div class=\"elementor-element elementor-element-86cb78a e-con-full e-flex e-con e-child\" data-id=\"86cb78a\" data-element_type=\"container\">\n\t\t\t\t<div class=\"elementor-element elementor-element-6ed12ef elementor-widget elementor-widget-heading\" data-id=\"6ed12ef\" data-element_type=\"widget\" data-widget_type=\"heading.default\">\n\t\t\t\t<div class=\"elementor-widget-container\">\n\t\t\t\t\t<h2 class=\"elementor-heading-title elementor-size-default\">Vous avez une question ? La voici <\/h2>\t\t\t\t<\/div>\n\t\t\t\t<\/div>\n\t\t\t\t<div class=\"elementor-element elementor-element-b9c6101 elementor-widget elementor-widget-shortcode\" data-id=\"b9c6101\" data-element_type=\"widget\" data-widget_type=\"shortcode.default\">\n\t\t\t\t<div class=\"elementor-widget-container\">\n\t\t\t\t\t\t\t<div class=\"elementor-shortcode\"><div class=\"wpforms-container wpforms-render-modern\" id=\"wpforms-194\"><form id=\"wpforms-form-194\" class=\"wpforms-validate wpforms-form wpforms-ajax-form\" data-formid=\"194\" method=\"post\" enctype=\"multipart\/form-data\" action=\"\/fr\/wp-json\/wp\/v2\/pages\/1199\" data-token=\"6699dee6a5a2b826b8cd3ac493c6e0cd\" data-token-time=\"1777883533\"><noscript class=\"wpforms-error-noscript\">Veuillez activer JavaScript dans votre navigateur pour remplir ce formulaire.<\/noscript><div class=\"wpforms-hidden\" id=\"wpforms-error-noscript\">Veuillez activer JavaScript dans votre navigateur pour remplir ce formulaire.<\/div><div class=\"wpforms-field-container\"><div id=\"wpforms-194-field_1-container\" class=\"wpforms-field wpforms-field-name\" data-field-id=\"1\"><fieldset><legend class=\"wpforms-field-label\">Nom <span class=\"wpforms-required-label\" aria-hidden=\"true\">*<\/span><\/legend><div class=\"wpforms-field-row wpforms-field-medium\"><div class=\"wpforms-field-row-block wpforms-first wpforms-one-half\"><input type=\"text\" id=\"wpforms-194-field_1\" class=\"wpforms-field-name-first wpforms-field-required\" name=\"wpforms[fields][1][first]\" placeholder=\"Nom\" aria-errormessage=\"wpforms-194-field_1-error\" required><label for=\"wpforms-194-field_1\" class=\"wpforms-field-sublabel after wpforms-sublabel-hide\">Pr\u00e9nom<\/label><\/div><div class=\"wpforms-field-row-block wpforms-one-half\"><input type=\"text\" id=\"wpforms-194-field_1-last\" class=\"wpforms-field-name-last wpforms-field-required\" name=\"wpforms[fields][1][last]\" placeholder=\"Nom de famille\" aria-errormessage=\"wpforms-194-field_1-last-error\" required><label for=\"wpforms-194-field_1-last\" class=\"wpforms-field-sublabel after wpforms-sublabel-hide\">Nom de famille<\/label><\/div><\/div><\/fieldset><\/div><div id=\"wpforms-194-field_2-container\" class=\"wpforms-field wpforms-field-email\" data-field-id=\"2\"><label class=\"wpforms-field-label\" for=\"wpforms-194-field_2\">Courriel <span class=\"wpforms-required-label\" aria-hidden=\"true\">*<\/span><\/label><input type=\"email\" id=\"wpforms-194-field_2\" class=\"wpforms-field-medium wpforms-field-required\" name=\"wpforms[fields][2]\" placeholder=\"Courrier \u00e9lectronique\" spellcheck=\"false\" aria-errormessage=\"wpforms-194-field_2-error\" required><\/div><div id=\"wpforms-194-field_5-container\" class=\"wpforms-field wpforms-field-text\" data-field-id=\"5\"><label class=\"wpforms-field-label\" for=\"wpforms-194-field_5\">T\u00e9l\u00e9phone<\/label><input type=\"text\" id=\"wpforms-194-field_5\" class=\"wpforms-field-medium\" name=\"wpforms[fields][5]\" aria-errormessage=\"wpforms-194-field_5-error\" ><\/div><div id=\"wpforms-194-field_3-container\" class=\"wpforms-field wpforms-field-textarea\" data-field-id=\"3\"><label class=\"wpforms-field-label\" for=\"wpforms-194-field_3\">Rapport<\/label><textarea id=\"wpforms-194-field_3\" class=\"wpforms-field-medium\" name=\"wpforms[fields][3]\" placeholder=\"Ecrire un message...\" aria-errormessage=\"wpforms-194-field_3-error\" ><\/textarea><\/div><div id=\"wpforms-194-field_6-container\" class=\"wpforms-field wpforms-field-checkbox\" data-field-id=\"6\"><fieldset><legend class=\"wpforms-field-label wpforms-label-hide\" aria-hidden=\"false\"><\/legend><ul id=\"wpforms-194-field_6\"><li class=\"choice-1 depth-1\"><input type=\"checkbox\" id=\"wpforms-194-field_6_1\" name=\"wpforms[fields][6][]\" value=\"J&#039;accepte le traitement des donn\u00e9es personnelles\" aria-errormessage=\"wpforms-194-field_6_1-error\"  ><label class=\"wpforms-field-label-inline\" for=\"wpforms-194-field_6_1\">J'accepte le traitement des donn\u00e9es personnelles<\/label><\/li><\/ul><\/fieldset><\/div><\/div><!-- .wpforms-field-container --><div class=\"wpforms-submit-container\" ><input type=\"hidden\" name=\"wpforms[id]\" value=\"194\"><input type=\"hidden\" name=\"page_title\" value=\"\"><input type=\"hidden\" name=\"page_url\" value=\"https:\/\/eurovat.info\/fr\/wp-json\/wp\/v2\/pages\/1199\"><button type=\"submit\" name=\"wpforms[submit]\" id=\"wpforms-submit-194\" class=\"wpforms-submit\" data-alt-text=\"J&#039;envoie...\" data-submit-text=\"Envoyer \u00e0\" aria-live=\"assertive\" value=\"wpforms-submit\">Envoyer \u00e0<\/button><img decoding=\"async\" src=\"https:\/\/eurovat.info\/wp-content\/plugins\/wpforms-lite\/assets\/images\/submit-spin.svg\" class=\"wpforms-submit-spinner\" style=\"display: none;\" width=\"26\" height=\"26\" alt=\"Chargement en cours\"><\/div><\/form><\/div>  <!-- .wpforms-container --><\/div>\n\t\t\t\t\t\t<\/div>\n\t\t\t\t<\/div>\n\t\t\t\t<\/div>\n\t\t\t\t<div class=\"elementor-element elementor-element-17ad500 elementor-widget elementor-widget-spacer\" data-id=\"17ad500\" data-element_type=\"widget\" data-widget_type=\"spacer.default\">\n\t\t\t\t<div class=\"elementor-widget-container\">\n\t\t\t\t\t\t\t<div class=\"elementor-spacer\">\n\t\t\t<div class=\"elementor-spacer-inner\"><\/div>\n\t\t<\/div>\n\t\t\t\t\t\t<\/div>\n\t\t\t\t<\/div>\n\t\t\t\t\t<\/div>\n\t\t\t\t<\/div>\n\t\t<div class=\"elementor-element elementor-element-c3d6173 e-flex e-con-boxed e-con e-parent\" data-id=\"c3d6173\" data-element_type=\"container\" data-settings=\"{&quot;background_background&quot;:&quot;classic&quot;}\">\n\t\t\t\t\t<div class=\"e-con-inner\">\n\t\t<div class=\"elementor-element elementor-element-7492e8f e-con-full e-flex e-con e-child\" data-id=\"7492e8f\" data-element_type=\"container\">\n\t\t\t\t<div class=\"elementor-element elementor-element-c8a64ae elementor-widget elementor-widget-text-editor\" data-id=\"c8a64ae\" data-element_type=\"widget\" data-widget_type=\"text-editor.default\">\n\t\t\t\t<div class=\"elementor-widget-container\">\n\t\t\t\t\t\t\t\t\t<p><strong>EUROVAT \u2013 ASISTANCE spol. s r. o.  <\/strong><br \/>Na Hr\u00e1zi 1452<br \/>755 01 Vset\u00edn<br \/>\u010cesk\u00e1 Republika<\/p>\n<p>Phone 1: +420 571 411 208<br \/>Phone 2: +420 571 411 227<br \/>Mobile 1: +420 775 571 033<br \/>Mobile 2: +420 777 571 127<br \/>E-mail: info@eurovat.info<\/p>\n\t\t\t\t\t\t\t\t<\/div>\n\t\t\t\t<\/div>\n\t\t\t\t<\/div>\n\t\t<div class=\"elementor-element elementor-element-4d1e0dd e-con-full e-flex e-con e-child\" data-id=\"4d1e0dd\" data-element_type=\"container\">\n\t\t\t\t<div class=\"elementor-element elementor-element-d3aa5cd elementor-widget elementor-widget-image\" data-id=\"d3aa5cd\" data-element_type=\"widget\" data-widget_type=\"image.default\">\n\t\t\t\t<div class=\"elementor-widget-container\">\n\t\t\t\t\t\t\t\t\t\t\t\t\t\t\t<img fetchpriority=\"high\" decoding=\"async\" width=\"419\" height=\"241\" src=\"https:\/\/eurovat.info\/wp-content\/uploads\/2025\/01\/background-1.png\" class=\"attachment-large size-large wp-image-176\" alt=\"\" srcset=\"https:\/\/eurovat.info\/wp-content\/uploads\/2025\/01\/background-1.png 419w, https:\/\/eurovat.info\/wp-content\/uploads\/2025\/01\/background-1-300x173.png 300w\" sizes=\"(max-width: 419px) 100vw, 419px\" \/>\t\t\t\t\t\t\t\t\t\t\t\t\t\t\t<\/div>\n\t\t\t\t<\/div>\n\t\t\t\t<\/div>\n\t\t\t\t\t<\/div>\n\t\t\t\t<\/div>\n\t\t\t\t<\/div>\n\t\t","protected":false},"excerpt":{"rendered":"<p>Contact Contactez-nous Vous vous demandez comment r\u00e9cup\u00e9rer vos imp\u00f4ts aupr\u00e8s de l\u2019UE ? Remplissez vos coordonn\u00e9es ci-dessous et nous vous contacterons dans le prochain jour ouvrable pour discuter de vos options. Nous discuterons de ce que vous souhaitez r\u00e9aliser et verrons si nous pouvons vous aider. Vous avez une question ? La voici EUROVAT \u2013 [&hellip;]<\/p>\n","protected":false},"author":1,"featured_media":0,"parent":0,"menu_order":0,"comment_status":"closed","ping_status":"closed","template":"elementor_header_footer","meta":{"_acf_changed":false,"footnotes":""},"class_list":["post-1199","page","type-page","status-publish","hentry"],"blocksy_meta":[],"acf":[],"yoast_head":"<!-- This site is optimized with the Yoast SEO plugin v26.2 - https:\/\/yoast.com\/wordpress\/plugins\/seo\/ -->\n<title>Contact EUROVAT | FR EUROVAT ASISTANCE<\/title>\n<meta name=\"description\" content=\"Contactez EUROVAT pour le remboursement de la TVA, des accises ou de la taxe sur les passagers.\" \/>\n<meta name=\"robots\" content=\"index, follow, max-snippet:-1, max-image-preview:large, max-video-preview:-1\" \/>\n<link rel=\"canonical\" href=\"https:\/\/eurovat.info\/fr\/contact\/\" \/>\n<meta property=\"og:locale\" content=\"fr_FR\" \/>\n<meta property=\"og:type\" content=\"article\" \/>\n<meta property=\"og:title\" content=\"Contact EUROVAT | FR EUROVAT ASISTANCE\" \/>\n<meta property=\"og:description\" content=\"Contactez EUROVAT pour le remboursement de la TVA, des accises ou de la taxe sur les passagers.\" \/>\n<meta property=\"og:url\" content=\"https:\/\/eurovat.info\/fr\/contact\/\" \/>\n<meta property=\"og:site_name\" content=\"Eurovat\" \/>\n<meta property=\"article:modified_time\" content=\"2025-02-13T15:57:37+00:00\" \/>\n<meta property=\"og:image\" content=\"http:\/\/eurovat.info\/wp-content\/uploads\/2025\/01\/background-1.png\" \/>\n<meta name=\"twitter:card\" content=\"summary_large_image\" \/>\n<script type=\"application\/ld+json\" class=\"yoast-schema-graph\">{\"@context\":\"https:\/\/schema.org\",\"@graph\":[{\"@type\":\"WebPage\",\"@id\":\"https:\/\/eurovat.info\/fr\/contact\/\",\"url\":\"https:\/\/eurovat.info\/fr\/contact\/\",\"name\":\"Contact EUROVAT | FR EUROVAT ASISTANCE\",\"isPartOf\":{\"@id\":\"https:\/\/eurovat.info\/fr\/#website\"},\"primaryImageOfPage\":{\"@id\":\"https:\/\/eurovat.info\/fr\/contact\/#primaryimage\"},\"image\":{\"@id\":\"https:\/\/eurovat.info\/fr\/contact\/#primaryimage\"},\"thumbnailUrl\":\"http:\/\/eurovat.info\/wp-content\/uploads\/2025\/01\/background-1.png\",\"datePublished\":\"2025-01-26T16:27:00+00:00\",\"dateModified\":\"2025-02-13T15:57:37+00:00\",\"description\":\"Contactez EUROVAT pour le remboursement de la TVA, des accises ou de la taxe sur les passagers.\",\"breadcrumb\":{\"@id\":\"https:\/\/eurovat.info\/fr\/contact\/#breadcrumb\"},\"inLanguage\":\"fr-FR\",\"potentialAction\":[{\"@type\":\"ReadAction\",\"target\":[\"https:\/\/eurovat.info\/fr\/contact\/\"]}]},{\"@type\":\"ImageObject\",\"inLanguage\":\"fr-FR\",\"@id\":\"https:\/\/eurovat.info\/fr\/contact\/#primaryimage\",\"url\":\"http:\/\/eurovat.info\/wp-content\/uploads\/2025\/01\/background-1.png\",\"contentUrl\":\"http:\/\/eurovat.info\/wp-content\/uploads\/2025\/01\/background-1.png\"},{\"@type\":\"BreadcrumbList\",\"@id\":\"https:\/\/eurovat.info\/fr\/contact\/#breadcrumb\",\"itemListElement\":[{\"@type\":\"ListItem\",\"position\":1,\"name\":\"Dom\u016f\",\"item\":\"https:\/\/eurovat.info\/fr\/page-daccueil\/\"},{\"@type\":\"ListItem\",\"position\":2,\"name\":\"Contact\"}]},{\"@type\":\"WebSite\",\"@id\":\"https:\/\/eurovat.info\/fr\/#website\",\"url\":\"https:\/\/eurovat.info\/fr\/\",\"name\":\"Eurovat\",\"description\":\"\",\"publisher\":{\"@id\":\"https:\/\/eurovat.info\/fr\/#organization\"},\"potentialAction\":[{\"@type\":\"SearchAction\",\"target\":{\"@type\":\"EntryPoint\",\"urlTemplate\":\"https:\/\/eurovat.info\/fr\/?s={search_term_string}\"},\"query-input\":{\"@type\":\"PropertyValueSpecification\",\"valueRequired\":true,\"valueName\":\"search_term_string\"}}],\"inLanguage\":\"fr-FR\"},{\"@type\":\"Organization\",\"@id\":\"https:\/\/eurovat.info\/fr\/#organization\",\"name\":\"Eurovat\",\"url\":\"https:\/\/eurovat.info\/fr\/\",\"logo\":{\"@type\":\"ImageObject\",\"inLanguage\":\"fr-FR\",\"@id\":\"https:\/\/eurovat.info\/fr\/#\/schema\/logo\/image\/\",\"url\":\"https:\/\/eurovat.info\/wp-content\/uploads\/2025\/01\/cropped-eurovatlogo.png\",\"contentUrl\":\"https:\/\/eurovat.info\/wp-content\/uploads\/2025\/01\/cropped-eurovatlogo.png\",\"width\":295,\"height\":68,\"caption\":\"Eurovat\"},\"image\":{\"@id\":\"https:\/\/eurovat.info\/fr\/#\/schema\/logo\/image\/\"}}]}<\/script>\n<!-- \/ Yoast SEO plugin. -->","yoast_head_json":{"title":"Contact EUROVAT | FR EUROVAT ASISTANCE","description":"Contactez EUROVAT pour le remboursement de la TVA, des accises ou de la taxe sur les passagers.","robots":{"index":"index","follow":"follow","max-snippet":"max-snippet:-1","max-image-preview":"max-image-preview:large","max-video-preview":"max-video-preview:-1"},"canonical":"https:\/\/eurovat.info\/fr\/contact\/","og_locale":"fr_FR","og_type":"article","og_title":"Contact EUROVAT | FR EUROVAT ASISTANCE","og_description":"Contactez EUROVAT pour le remboursement de la TVA, des accises ou de la taxe sur les passagers.","og_url":"https:\/\/eurovat.info\/fr\/contact\/","og_site_name":"Eurovat","article_modified_time":"2025-02-13T15:57:37+00:00","og_image":[{"url":"http:\/\/eurovat.info\/wp-content\/uploads\/2025\/01\/background-1.png","type":"","width":"","height":""}],"twitter_card":"summary_large_image","schema":{"@context":"https:\/\/schema.org","@graph":[{"@type":"WebPage","@id":"https:\/\/eurovat.info\/fr\/contact\/","url":"https:\/\/eurovat.info\/fr\/contact\/","name":"Contact EUROVAT | FR EUROVAT ASISTANCE","isPartOf":{"@id":"https:\/\/eurovat.info\/fr\/#website"},"primaryImageOfPage":{"@id":"https:\/\/eurovat.info\/fr\/contact\/#primaryimage"},"image":{"@id":"https:\/\/eurovat.info\/fr\/contact\/#primaryimage"},"thumbnailUrl":"http:\/\/eurovat.info\/wp-content\/uploads\/2025\/01\/background-1.png","datePublished":"2025-01-26T16:27:00+00:00","dateModified":"2025-02-13T15:57:37+00:00","description":"Contactez EUROVAT pour le remboursement de la TVA, des accises ou de la taxe sur les passagers.","breadcrumb":{"@id":"https:\/\/eurovat.info\/fr\/contact\/#breadcrumb"},"inLanguage":"fr-FR","potentialAction":[{"@type":"ReadAction","target":["https:\/\/eurovat.info\/fr\/contact\/"]}]},{"@type":"ImageObject","inLanguage":"fr-FR","@id":"https:\/\/eurovat.info\/fr\/contact\/#primaryimage","url":"http:\/\/eurovat.info\/wp-content\/uploads\/2025\/01\/background-1.png","contentUrl":"http:\/\/eurovat.info\/wp-content\/uploads\/2025\/01\/background-1.png"},{"@type":"BreadcrumbList","@id":"https:\/\/eurovat.info\/fr\/contact\/#breadcrumb","itemListElement":[{"@type":"ListItem","position":1,"name":"Dom\u016f","item":"https:\/\/eurovat.info\/fr\/page-daccueil\/"},{"@type":"ListItem","position":2,"name":"Contact"}]},{"@type":"WebSite","@id":"https:\/\/eurovat.info\/fr\/#website","url":"https:\/\/eurovat.info\/fr\/","name":"Eurovat","description":"","publisher":{"@id":"https:\/\/eurovat.info\/fr\/#organization"},"potentialAction":[{"@type":"SearchAction","target":{"@type":"EntryPoint","urlTemplate":"https:\/\/eurovat.info\/fr\/?s={search_term_string}"},"query-input":{"@type":"PropertyValueSpecification","valueRequired":true,"valueName":"search_term_string"}}],"inLanguage":"fr-FR"},{"@type":"Organization","@id":"https:\/\/eurovat.info\/fr\/#organization","name":"Eurovat","url":"https:\/\/eurovat.info\/fr\/","logo":{"@type":"ImageObject","inLanguage":"fr-FR","@id":"https:\/\/eurovat.info\/fr\/#\/schema\/logo\/image\/","url":"https:\/\/eurovat.info\/wp-content\/uploads\/2025\/01\/cropped-eurovatlogo.png","contentUrl":"https:\/\/eurovat.info\/wp-content\/uploads\/2025\/01\/cropped-eurovatlogo.png","width":295,"height":68,"caption":"Eurovat"},"image":{"@id":"https:\/\/eurovat.info\/fr\/#\/schema\/logo\/image\/"}}]}},"_links":{"self":[{"href":"https:\/\/eurovat.info\/fr\/wp-json\/wp\/v2\/pages\/1199","targetHints":{"allow":["GET"]}}],"collection":[{"href":"https:\/\/eurovat.info\/fr\/wp-json\/wp\/v2\/pages"}],"about":[{"href":"https:\/\/eurovat.info\/fr\/wp-json\/wp\/v2\/types\/page"}],"author":[{"embeddable":true,"href":"https:\/\/eurovat.info\/fr\/wp-json\/wp\/v2\/users\/1"}],"replies":[{"embeddable":true,"href":"https:\/\/eurovat.info\/fr\/wp-json\/wp\/v2\/comments?post=1199"}],"version-history":[{"count":1,"href":"https:\/\/eurovat.info\/fr\/wp-json\/wp\/v2\/pages\/1199\/revisions"}],"predecessor-version":[{"id":1201,"href":"https:\/\/eurovat.info\/fr\/wp-json\/wp\/v2\/pages\/1199\/revisions\/1201"}],"wp:attachment":[{"href":"https:\/\/eurovat.info\/fr\/wp-json\/wp\/v2\/media?parent=1199"}],"curies":[{"name":"wp","href":"https:\/\/api.w.org\/{rel}","templated":true}]}}