{"id":1202,"date":"2025-01-26T16:27:00","date_gmt":"2025-01-26T16:27:00","guid":{"rendered":"http:\/\/eurovat.info\/kontakt\/"},"modified":"2025-02-13T15:47:21","modified_gmt":"2025-02-13T15:47:21","slug":"kontakt","status":"publish","type":"page","link":"https:\/\/eurovat.info\/de\/kontakt\/","title":{"rendered":"Kontakt"},"content":{"rendered":"\t\t<div data-elementor-type=\"wp-page\" data-elementor-id=\"1202\" class=\"elementor elementor-1202 elementor-174\" data-elementor-post-type=\"page\">\n\t\t\t\t<div class=\"elementor-element elementor-element-b63c05f e-flex e-con-boxed e-con e-parent\" data-id=\"b63c05f\" data-element_type=\"container\" data-settings=\"{&quot;background_background&quot;:&quot;classic&quot;}\">\n\t\t\t\t\t<div class=\"e-con-inner\">\n\t\t\t\t<div class=\"elementor-element elementor-element-a8d5aca elementor-widget elementor-widget-heading\" data-id=\"a8d5aca\" data-element_type=\"widget\" data-widget_type=\"heading.default\">\n\t\t\t\t<div class=\"elementor-widget-container\">\n\t\t\t\t\t<h1 class=\"elementor-heading-title elementor-size-default\">Kontakt<\/h1>\t\t\t\t<\/div>\n\t\t\t\t<\/div>\n\t\t\t\t<div class=\"elementor-element elementor-element-70f38a8 elementor-widget elementor-widget-button\" data-id=\"70f38a8\" data-element_type=\"widget\" data-widget_type=\"button.default\">\n\t\t\t\t<div class=\"elementor-widget-container\">\n\t\t\t\t\t\t\t\t\t<div class=\"elementor-button-wrapper\">\n\t\t\t\t\t<a class=\"elementor-button elementor-button-link elementor-size-sm\" href=\"#\">\n\t\t\t\t\t\t<span class=\"elementor-button-content-wrapper\">\n\t\t\t\t\t\t\t\t\t<span class=\"elementor-button-text\">Kontaktieren Sie uns<\/span>\n\t\t\t\t\t<\/span>\n\t\t\t\t\t<\/a>\n\t\t\t\t<\/div>\n\t\t\t\t\t\t\t\t<\/div>\n\t\t\t\t<\/div>\n\t\t\t\t\t<\/div>\n\t\t\t\t<\/div>\n\t\t<div class=\"elementor-element elementor-element-b7211ec e-flex e-con-boxed e-con e-parent\" data-id=\"b7211ec\" data-element_type=\"container\">\n\t\t\t\t\t<div class=\"e-con-inner\">\n\t\t\t\t<div class=\"elementor-element elementor-element-6a9c54a elementor-hidden-tablet elementor-hidden-mobile elementor-widget elementor-widget-spacer\" data-id=\"6a9c54a\" data-element_type=\"widget\" data-widget_type=\"spacer.default\">\n\t\t\t\t<div class=\"elementor-widget-container\">\n\t\t\t\t\t\t\t<div class=\"elementor-spacer\">\n\t\t\t<div class=\"elementor-spacer-inner\"><\/div>\n\t\t<\/div>\n\t\t\t\t\t\t<\/div>\n\t\t\t\t<\/div>\n\t\t\t\t<div class=\"elementor-element elementor-element-aaeee6c elementor-widget elementor-widget-text-editor\" data-id=\"aaeee6c\" data-element_type=\"widget\" data-widget_type=\"text-editor.default\">\n\t\t\t\t<div class=\"elementor-widget-container\">\n\t\t\t\t\t\t\t\t\t<h2 style=\"text-align: center;\">\u00dcberlegen Sie, wie die Steuer aus EU zur\u00fcck bekommen?<\/h2>\n<p style=\"text-align: center;\">F\u00fcllen Sie die Daten unten aus und wir werden Sie am n\u00e4chsten Arbeitstag kontaktieren, um Ihre M\u00f6glichkeiten zu diskutieren. <br \/>Wir besprechen, was Sie erreichen wollen, und wir schauen an, ob wir Ihnen helfen k\u00f6nnen.<\/p>\n\t\t\t\t\t\t\t\t<\/div>\n\t\t\t\t<\/div>\n\t\t\t\t<div class=\"elementor-element elementor-element-c5f0803 elementor-hidden-tablet elementor-hidden-mobile elementor-widget elementor-widget-spacer\" data-id=\"c5f0803\" data-element_type=\"widget\" data-widget_type=\"spacer.default\">\n\t\t\t\t<div class=\"elementor-widget-container\">\n\t\t\t\t\t\t\t<div class=\"elementor-spacer\">\n\t\t\t<div class=\"elementor-spacer-inner\"><\/div>\n\t\t<\/div>\n\t\t\t\t\t\t<\/div>\n\t\t\t\t<\/div>\n\t\t\t\t\t<\/div>\n\t\t\t\t<\/div>\n\t\t<div class=\"elementor-element elementor-element-f791a4a e-flex e-con-boxed e-con e-parent\" data-id=\"f791a4a\" data-element_type=\"container\">\n\t\t\t\t\t<div class=\"e-con-inner\">\n\t\t<div class=\"elementor-element elementor-element-86cb78a e-con-full e-flex e-con e-child\" data-id=\"86cb78a\" data-element_type=\"container\">\n\t\t\t\t<div class=\"elementor-element elementor-element-6ed12ef elementor-widget elementor-widget-heading\" data-id=\"6ed12ef\" data-element_type=\"widget\" data-widget_type=\"heading.default\">\n\t\t\t\t<div class=\"elementor-widget-container\">\n\t\t\t\t\t<h2 class=\"elementor-heading-title elementor-size-default\">Haben Sie eine Frage? Hier bei ihm. <\/h2>\t\t\t\t<\/div>\n\t\t\t\t<\/div>\n\t\t\t\t<div class=\"elementor-element elementor-element-b9c6101 elementor-widget elementor-widget-shortcode\" data-id=\"b9c6101\" data-element_type=\"widget\" data-widget_type=\"shortcode.default\">\n\t\t\t\t<div class=\"elementor-widget-container\">\n\t\t\t\t\t\t\t<div class=\"elementor-shortcode\"><div class=\"wpforms-container wpforms-render-modern\" id=\"wpforms-194\"><form id=\"wpforms-form-194\" class=\"wpforms-validate wpforms-form wpforms-ajax-form\" data-formid=\"194\" method=\"post\" enctype=\"multipart\/form-data\" action=\"\/de\/wp-json\/wp\/v2\/pages\/1202\" data-token=\"bf9a493458d4e2723fb925ca1268f38e\" data-token-time=\"1777628616\"><noscript class=\"wpforms-error-noscript\">Bitte aktiviere JavaScript in deinem Browser, um dieses Formular fertigzustellen.<\/noscript><div class=\"wpforms-hidden\" id=\"wpforms-error-noscript\">Bitte aktiviere JavaScript in deinem Browser, um dieses Formular fertigzustellen.<\/div><div class=\"wpforms-field-container\"><div id=\"wpforms-194-field_1-container\" class=\"wpforms-field wpforms-field-name\" data-field-id=\"1\"><fieldset><legend class=\"wpforms-field-label\">Name <span class=\"wpforms-required-label\" aria-hidden=\"true\">*<\/span><\/legend><div class=\"wpforms-field-row wpforms-field-medium\"><div class=\"wpforms-field-row-block wpforms-first wpforms-one-half\"><input type=\"text\" id=\"wpforms-194-field_1\" class=\"wpforms-field-name-first wpforms-field-required\" name=\"wpforms[fields][1][first]\" placeholder=\"Name\" aria-errormessage=\"wpforms-194-field_1-error\" required><label for=\"wpforms-194-field_1\" class=\"wpforms-field-sublabel after wpforms-sublabel-hide\">Vorname<\/label><\/div><div class=\"wpforms-field-row-block wpforms-one-half\"><input type=\"text\" id=\"wpforms-194-field_1-last\" class=\"wpforms-field-name-last wpforms-field-required\" name=\"wpforms[fields][1][last]\" placeholder=\"Nachname\" aria-errormessage=\"wpforms-194-field_1-last-error\" required><label for=\"wpforms-194-field_1-last\" class=\"wpforms-field-sublabel after wpforms-sublabel-hide\">Nachname<\/label><\/div><\/div><\/fieldset><\/div><div id=\"wpforms-194-field_2-container\" class=\"wpforms-field wpforms-field-email\" data-field-id=\"2\"><label class=\"wpforms-field-label\" for=\"wpforms-194-field_2\">E-Mail <span class=\"wpforms-required-label\" aria-hidden=\"true\">*<\/span><\/label><input type=\"email\" id=\"wpforms-194-field_2\" class=\"wpforms-field-medium wpforms-field-required\" name=\"wpforms[fields][2]\" placeholder=\"E-Mail\" spellcheck=\"false\" aria-errormessage=\"wpforms-194-field_2-error\" required><\/div><div id=\"wpforms-194-field_5-container\" class=\"wpforms-field wpforms-field-text\" data-field-id=\"5\"><label class=\"wpforms-field-label\" for=\"wpforms-194-field_5\">Telefon<\/label><input type=\"text\" id=\"wpforms-194-field_5\" class=\"wpforms-field-medium\" name=\"wpforms[fields][5]\" aria-errormessage=\"wpforms-194-field_5-error\" ><\/div><div id=\"wpforms-194-field_3-container\" class=\"wpforms-field wpforms-field-textarea\" data-field-id=\"3\"><label class=\"wpforms-field-label\" for=\"wpforms-194-field_3\">Bericht<\/label><textarea id=\"wpforms-194-field_3\" class=\"wpforms-field-medium\" name=\"wpforms[fields][3]\" placeholder=\"Schreiben Sie eine Nachricht...\" aria-errormessage=\"wpforms-194-field_3-error\" ><\/textarea><\/div><div id=\"wpforms-194-field_6-container\" class=\"wpforms-field wpforms-field-checkbox\" data-field-id=\"6\"><fieldset><legend class=\"wpforms-field-label wpforms-label-hide\" aria-hidden=\"false\"><\/legend><ul id=\"wpforms-194-field_6\"><li class=\"choice-1 depth-1\"><input type=\"checkbox\" id=\"wpforms-194-field_6_1\" name=\"wpforms[fields][6][]\" value=\"Ich stimme der Verarbeitung personenbezogener Daten zu\" aria-errormessage=\"wpforms-194-field_6_1-error\"  ><label class=\"wpforms-field-label-inline\" for=\"wpforms-194-field_6_1\">Ich stimme der Verarbeitung personenbezogener Daten zu<\/label><\/li><\/ul><\/fieldset><\/div><\/div><!-- .wpforms-field-container --><div class=\"wpforms-submit-container\" ><input type=\"hidden\" name=\"wpforms[id]\" value=\"194\"><input type=\"hidden\" name=\"page_title\" value=\"\"><input type=\"hidden\" name=\"page_url\" value=\"https:\/\/eurovat.info\/de\/wp-json\/wp\/v2\/pages\/1202\"><button type=\"submit\" name=\"wpforms[submit]\" id=\"wpforms-submit-194\" class=\"wpforms-submit\" data-alt-text=\"Ich schicke...\" data-submit-text=\"Senden an\" aria-live=\"assertive\" value=\"wpforms-submit\">Senden an<\/button><img decoding=\"async\" src=\"https:\/\/eurovat.info\/wp-content\/plugins\/wpforms-lite\/assets\/images\/submit-spin.svg\" class=\"wpforms-submit-spinner\" style=\"display: none;\" width=\"26\" height=\"26\" alt=\"Wird geladen\"><\/div><\/form><\/div>  <!-- .wpforms-container --><\/div>\n\t\t\t\t\t\t<\/div>\n\t\t\t\t<\/div>\n\t\t\t\t<\/div>\n\t\t\t\t<div class=\"elementor-element elementor-element-17ad500 elementor-widget elementor-widget-spacer\" data-id=\"17ad500\" data-element_type=\"widget\" data-widget_type=\"spacer.default\">\n\t\t\t\t<div class=\"elementor-widget-container\">\n\t\t\t\t\t\t\t<div class=\"elementor-spacer\">\n\t\t\t<div class=\"elementor-spacer-inner\"><\/div>\n\t\t<\/div>\n\t\t\t\t\t\t<\/div>\n\t\t\t\t<\/div>\n\t\t\t\t\t<\/div>\n\t\t\t\t<\/div>\n\t\t<div class=\"elementor-element elementor-element-c3d6173 e-flex e-con-boxed e-con e-parent\" data-id=\"c3d6173\" data-element_type=\"container\" data-settings=\"{&quot;background_background&quot;:&quot;classic&quot;}\">\n\t\t\t\t\t<div class=\"e-con-inner\">\n\t\t<div class=\"elementor-element elementor-element-7492e8f e-con-full e-flex e-con e-child\" data-id=\"7492e8f\" data-element_type=\"container\">\n\t\t\t\t<div class=\"elementor-element elementor-element-c8a64ae elementor-widget elementor-widget-text-editor\" data-id=\"c8a64ae\" data-element_type=\"widget\" data-widget_type=\"text-editor.default\">\n\t\t\t\t<div class=\"elementor-widget-container\">\n\t\t\t\t\t\t\t\t\t<p><strong>EUROVAT \u2013 ASISTANCE spol. s r. o.  <\/strong><br \/>Na Hr\u00e1zi 1452<br \/>755 01 Vset\u00edn<br \/>\u010cesk\u00e1 Republika<\/p>\n<p>Phone 1: +420 571 411 208<br \/>Phone 2: +420 571 411 227<br \/>Mobile 1: +420 775 571 033<br \/>Mobile 2: +420 777 571 127<br \/>E-mail: info@eurovat.info<\/p>\n\t\t\t\t\t\t\t\t<\/div>\n\t\t\t\t<\/div>\n\t\t\t\t<\/div>\n\t\t<div class=\"elementor-element elementor-element-4d1e0dd e-con-full e-flex e-con e-child\" data-id=\"4d1e0dd\" data-element_type=\"container\">\n\t\t\t\t<div class=\"elementor-element elementor-element-d3aa5cd elementor-widget elementor-widget-image\" data-id=\"d3aa5cd\" data-element_type=\"widget\" data-widget_type=\"image.default\">\n\t\t\t\t<div class=\"elementor-widget-container\">\n\t\t\t\t\t\t\t\t\t\t\t\t\t\t\t<img fetchpriority=\"high\" decoding=\"async\" width=\"419\" height=\"241\" src=\"https:\/\/eurovat.info\/wp-content\/uploads\/2025\/01\/background-1.png\" class=\"attachment-large size-large wp-image-176\" alt=\"\" srcset=\"https:\/\/eurovat.info\/wp-content\/uploads\/2025\/01\/background-1.png 419w, https:\/\/eurovat.info\/wp-content\/uploads\/2025\/01\/background-1-300x173.png 300w\" sizes=\"(max-width: 419px) 100vw, 419px\" \/>\t\t\t\t\t\t\t\t\t\t\t\t\t\t\t<\/div>\n\t\t\t\t<\/div>\n\t\t\t\t<\/div>\n\t\t\t\t\t<\/div>\n\t\t\t\t<\/div>\n\t\t\t\t<\/div>\n\t\t","protected":false},"excerpt":{"rendered":"<p>Kontakt Kontaktieren Sie uns \u00dcberlegen Sie, wie die Steuer aus EU zur\u00fcck bekommen? F\u00fcllen Sie die Daten unten aus und wir werden Sie am n\u00e4chsten Arbeitstag kontaktieren, um Ihre M\u00f6glichkeiten zu diskutieren. Wir besprechen, was Sie erreichen wollen, und wir schauen an, ob wir Ihnen helfen k\u00f6nnen. Haben Sie eine Frage? Hier bei ihm. EUROVAT [&hellip;]<\/p>\n","protected":false},"author":1,"featured_media":0,"parent":0,"menu_order":0,"comment_status":"closed","ping_status":"closed","template":"elementor_header_footer","meta":{"_acf_changed":false,"footnotes":""},"class_list":["post-1202","page","type-page","status-publish","hentry"],"blocksy_meta":[],"acf":[],"yoast_head":"<!-- This site is optimized with the Yoast SEO plugin v26.2 - https:\/\/yoast.com\/wordpress\/plugins\/seo\/ -->\n<title>Kontakt EUROVAT | DE EUROVAT ASISTANCE<\/title>\n<meta name=\"description\" content=\"Kontaktieren Sie EUROVAT betreffend MWST-R\u00fcckerstattung, Mineral\u00f6lsteuerr\u00fcckerstattung oder Umsatzsteuer von Personen\u00fcberf\u00fchrung\" \/>\n<meta name=\"robots\" content=\"index, follow, max-snippet:-1, max-image-preview:large, max-video-preview:-1\" \/>\n<link rel=\"canonical\" href=\"https:\/\/eurovat.info\/de\/kontakt\/\" \/>\n<meta property=\"og:locale\" content=\"de_DE\" \/>\n<meta property=\"og:type\" content=\"article\" \/>\n<meta property=\"og:title\" content=\"Kontakt EUROVAT | DE EUROVAT ASISTANCE\" \/>\n<meta property=\"og:description\" content=\"Kontaktieren Sie EUROVAT betreffend MWST-R\u00fcckerstattung, Mineral\u00f6lsteuerr\u00fcckerstattung oder Umsatzsteuer von Personen\u00fcberf\u00fchrung\" \/>\n<meta property=\"og:url\" content=\"https:\/\/eurovat.info\/de\/kontakt\/\" \/>\n<meta property=\"og:site_name\" content=\"Eurovat\" \/>\n<meta property=\"article:modified_time\" content=\"2025-02-13T15:47:21+00:00\" \/>\n<meta property=\"og:image\" content=\"http:\/\/eurovat.info\/wp-content\/uploads\/2025\/01\/background-1.png\" \/>\n<meta name=\"twitter:card\" content=\"summary_large_image\" \/>\n<script type=\"application\/ld+json\" class=\"yoast-schema-graph\">{\"@context\":\"https:\/\/schema.org\",\"@graph\":[{\"@type\":\"WebPage\",\"@id\":\"https:\/\/eurovat.info\/de\/kontakt\/\",\"url\":\"https:\/\/eurovat.info\/de\/kontakt\/\",\"name\":\"Kontakt EUROVAT | DE EUROVAT ASISTANCE\",\"isPartOf\":{\"@id\":\"https:\/\/eurovat.info\/de\/#website\"},\"primaryImageOfPage\":{\"@id\":\"https:\/\/eurovat.info\/de\/kontakt\/#primaryimage\"},\"image\":{\"@id\":\"https:\/\/eurovat.info\/de\/kontakt\/#primaryimage\"},\"thumbnailUrl\":\"http:\/\/eurovat.info\/wp-content\/uploads\/2025\/01\/background-1.png\",\"datePublished\":\"2025-01-26T16:27:00+00:00\",\"dateModified\":\"2025-02-13T15:47:21+00:00\",\"description\":\"Kontaktieren Sie EUROVAT betreffend MWST-R\u00fcckerstattung, Mineral\u00f6lsteuerr\u00fcckerstattung oder Umsatzsteuer von Personen\u00fcberf\u00fchrung\",\"breadcrumb\":{\"@id\":\"https:\/\/eurovat.info\/de\/kontakt\/#breadcrumb\"},\"inLanguage\":\"de\",\"potentialAction\":[{\"@type\":\"ReadAction\",\"target\":[\"https:\/\/eurovat.info\/de\/kontakt\/\"]}]},{\"@type\":\"ImageObject\",\"inLanguage\":\"de\",\"@id\":\"https:\/\/eurovat.info\/de\/kontakt\/#primaryimage\",\"url\":\"http:\/\/eurovat.info\/wp-content\/uploads\/2025\/01\/background-1.png\",\"contentUrl\":\"http:\/\/eurovat.info\/wp-content\/uploads\/2025\/01\/background-1.png\"},{\"@type\":\"BreadcrumbList\",\"@id\":\"https:\/\/eurovat.info\/de\/kontakt\/#breadcrumb\",\"itemListElement\":[{\"@type\":\"ListItem\",\"position\":1,\"name\":\"Dom\u016f\",\"item\":\"https:\/\/eurovat.info\/de\/homepage\/\"},{\"@type\":\"ListItem\",\"position\":2,\"name\":\"Kontakt\"}]},{\"@type\":\"WebSite\",\"@id\":\"https:\/\/eurovat.info\/de\/#website\",\"url\":\"https:\/\/eurovat.info\/de\/\",\"name\":\"Eurovat\",\"description\":\"\",\"publisher\":{\"@id\":\"https:\/\/eurovat.info\/de\/#organization\"},\"potentialAction\":[{\"@type\":\"SearchAction\",\"target\":{\"@type\":\"EntryPoint\",\"urlTemplate\":\"https:\/\/eurovat.info\/de\/?s={search_term_string}\"},\"query-input\":{\"@type\":\"PropertyValueSpecification\",\"valueRequired\":true,\"valueName\":\"search_term_string\"}}],\"inLanguage\":\"de\"},{\"@type\":\"Organization\",\"@id\":\"https:\/\/eurovat.info\/de\/#organization\",\"name\":\"Eurovat\",\"url\":\"https:\/\/eurovat.info\/de\/\",\"logo\":{\"@type\":\"ImageObject\",\"inLanguage\":\"de\",\"@id\":\"https:\/\/eurovat.info\/de\/#\/schema\/logo\/image\/\",\"url\":\"https:\/\/eurovat.info\/wp-content\/uploads\/2025\/01\/cropped-eurovatlogo.png\",\"contentUrl\":\"https:\/\/eurovat.info\/wp-content\/uploads\/2025\/01\/cropped-eurovatlogo.png\",\"width\":295,\"height\":68,\"caption\":\"Eurovat\"},\"image\":{\"@id\":\"https:\/\/eurovat.info\/de\/#\/schema\/logo\/image\/\"}}]}<\/script>\n<!-- \/ Yoast SEO plugin. -->","yoast_head_json":{"title":"Kontakt EUROVAT | DE EUROVAT ASISTANCE","description":"Kontaktieren Sie EUROVAT betreffend MWST-R\u00fcckerstattung, Mineral\u00f6lsteuerr\u00fcckerstattung oder Umsatzsteuer von Personen\u00fcberf\u00fchrung","robots":{"index":"index","follow":"follow","max-snippet":"max-snippet:-1","max-image-preview":"max-image-preview:large","max-video-preview":"max-video-preview:-1"},"canonical":"https:\/\/eurovat.info\/de\/kontakt\/","og_locale":"de_DE","og_type":"article","og_title":"Kontakt EUROVAT | DE EUROVAT ASISTANCE","og_description":"Kontaktieren Sie EUROVAT betreffend MWST-R\u00fcckerstattung, Mineral\u00f6lsteuerr\u00fcckerstattung oder Umsatzsteuer von Personen\u00fcberf\u00fchrung","og_url":"https:\/\/eurovat.info\/de\/kontakt\/","og_site_name":"Eurovat","article_modified_time":"2025-02-13T15:47:21+00:00","og_image":[{"url":"http:\/\/eurovat.info\/wp-content\/uploads\/2025\/01\/background-1.png","type":"","width":"","height":""}],"twitter_card":"summary_large_image","schema":{"@context":"https:\/\/schema.org","@graph":[{"@type":"WebPage","@id":"https:\/\/eurovat.info\/de\/kontakt\/","url":"https:\/\/eurovat.info\/de\/kontakt\/","name":"Kontakt EUROVAT | DE EUROVAT ASISTANCE","isPartOf":{"@id":"https:\/\/eurovat.info\/de\/#website"},"primaryImageOfPage":{"@id":"https:\/\/eurovat.info\/de\/kontakt\/#primaryimage"},"image":{"@id":"https:\/\/eurovat.info\/de\/kontakt\/#primaryimage"},"thumbnailUrl":"http:\/\/eurovat.info\/wp-content\/uploads\/2025\/01\/background-1.png","datePublished":"2025-01-26T16:27:00+00:00","dateModified":"2025-02-13T15:47:21+00:00","description":"Kontaktieren Sie EUROVAT betreffend MWST-R\u00fcckerstattung, Mineral\u00f6lsteuerr\u00fcckerstattung oder Umsatzsteuer von Personen\u00fcberf\u00fchrung","breadcrumb":{"@id":"https:\/\/eurovat.info\/de\/kontakt\/#breadcrumb"},"inLanguage":"de","potentialAction":[{"@type":"ReadAction","target":["https:\/\/eurovat.info\/de\/kontakt\/"]}]},{"@type":"ImageObject","inLanguage":"de","@id":"https:\/\/eurovat.info\/de\/kontakt\/#primaryimage","url":"http:\/\/eurovat.info\/wp-content\/uploads\/2025\/01\/background-1.png","contentUrl":"http:\/\/eurovat.info\/wp-content\/uploads\/2025\/01\/background-1.png"},{"@type":"BreadcrumbList","@id":"https:\/\/eurovat.info\/de\/kontakt\/#breadcrumb","itemListElement":[{"@type":"ListItem","position":1,"name":"Dom\u016f","item":"https:\/\/eurovat.info\/de\/homepage\/"},{"@type":"ListItem","position":2,"name":"Kontakt"}]},{"@type":"WebSite","@id":"https:\/\/eurovat.info\/de\/#website","url":"https:\/\/eurovat.info\/de\/","name":"Eurovat","description":"","publisher":{"@id":"https:\/\/eurovat.info\/de\/#organization"},"potentialAction":[{"@type":"SearchAction","target":{"@type":"EntryPoint","urlTemplate":"https:\/\/eurovat.info\/de\/?s={search_term_string}"},"query-input":{"@type":"PropertyValueSpecification","valueRequired":true,"valueName":"search_term_string"}}],"inLanguage":"de"},{"@type":"Organization","@id":"https:\/\/eurovat.info\/de\/#organization","name":"Eurovat","url":"https:\/\/eurovat.info\/de\/","logo":{"@type":"ImageObject","inLanguage":"de","@id":"https:\/\/eurovat.info\/de\/#\/schema\/logo\/image\/","url":"https:\/\/eurovat.info\/wp-content\/uploads\/2025\/01\/cropped-eurovatlogo.png","contentUrl":"https:\/\/eurovat.info\/wp-content\/uploads\/2025\/01\/cropped-eurovatlogo.png","width":295,"height":68,"caption":"Eurovat"},"image":{"@id":"https:\/\/eurovat.info\/de\/#\/schema\/logo\/image\/"}}]}},"_links":{"self":[{"href":"https:\/\/eurovat.info\/de\/wp-json\/wp\/v2\/pages\/1202","targetHints":{"allow":["GET"]}}],"collection":[{"href":"https:\/\/eurovat.info\/de\/wp-json\/wp\/v2\/pages"}],"about":[{"href":"https:\/\/eurovat.info\/de\/wp-json\/wp\/v2\/types\/page"}],"author":[{"embeddable":true,"href":"https:\/\/eurovat.info\/de\/wp-json\/wp\/v2\/users\/1"}],"replies":[{"embeddable":true,"href":"https:\/\/eurovat.info\/de\/wp-json\/wp\/v2\/comments?post=1202"}],"version-history":[{"count":2,"href":"https:\/\/eurovat.info\/de\/wp-json\/wp\/v2\/pages\/1202\/revisions"}],"predecessor-version":[{"id":1460,"href":"https:\/\/eurovat.info\/de\/wp-json\/wp\/v2\/pages\/1202\/revisions\/1460"}],"wp:attachment":[{"href":"https:\/\/eurovat.info\/de\/wp-json\/wp\/v2\/media?parent=1202"}],"curies":[{"name":"wp","href":"https:\/\/api.w.org\/{rel}","templated":true}]}}